{"id":13520,"date":"2017-04-04T08:10:36","date_gmt":"2017-04-04T08:10:36","guid":{"rendered":"http:\/\/www.elektradata.com\/?post_type=product&#038;p=13520"},"modified":"2017-06-07T07:15:39","modified_gmt":"2017-06-07T07:15:39","slug":"cisco-sg500x-48p-k9-48-101001000-poe-ports-switch","status":"publish","type":"product","link":"https:\/\/www.elektradata.com\/en\/urun\/cisco-sg500x-48p-k9-48-101001000-poe-ports-switch\/","title":{"rendered":"Cisco SG500X-48P-K9 48 10\/100\/1000 PoE+ port Switch"},"content":{"rendered":"<ul>\n<li><b>\u00dcr\u00fcn A\u00e7\u0131klamas\u0131<\/b>: Cisco Small Business SG500X-48P Managed\/Y\u00f6netilebilir Switch<\/li>\n<li><b>\u00dcr\u00fcn Kodu<\/b>: SG500X-48P-K9<\/li>\n<li><b>Muhafaza Tipi<\/b>:\u00a0Rafa monte &#8211; 1U<\/li>\n<li><strong>\u0130stifleme Tipi:<\/strong>\u00a08 cihaza\u00a0kadar\u00a0istifleme. 416 porta kadar\u00a0tek sistem olarak\u00a0y\u00f6netilebilme. Donan\u0131msal failover deste\u011fi.<\/li>\n<li><b>Cihaz Tipi<\/b>: 48 port &#8211; L3 &#8211; Managed &#8211; istiflenebilir (stackable) switch<\/li>\n<li><b>Ba\u011flant\u0131 Noktalar\u0131<\/b>: 48 x 10\/100\/1000 (PoE) + 4 x 10 Gigabit SFP+<\/li>\n<li><b>Ethernet \u00dczerinden G\u00fc\u00e7 (PoE)<\/b>: PoE+<\/li>\n<li><b>Performans<\/b>: Y\u00f6nlendirme performans\u0131 (64 byte paket boyutu) : 130.95\u00a0Mpps, Anahtarlama kapasitesi : 176\u00a0Gbps, Durum denetimi : 10\u00a0Gbps<\/li>\n<li><b>Kapasite<\/b>: IPv4 Routes: 2048, IPv6 routes : 2048, ACL : 2048<\/li>\n<li><b>MAC Adresi Tablo Boyutu<\/b>: 16K entries<\/li>\n<li><b>Jumbo Paket Deste\u011fi<\/b>: 9216 byte<\/li>\n<li><b>Y\u00f6netim Protokol\u00fc<\/b>: SNMP 1, RMON 1, RMON 2, RMON 3, RMON 9, SNMP 3, SNMP 2c, HTTP, HTTPS, SSH, SSH-2, CLI<\/li>\n<li><b>\u00d6zellikler<\/b>: Flow denetimi, Layer 2 anahtarlama, Ethernet \u00fczerinden g\u00fc\u00e7 (PoE), VLAN deste\u011fi, IGMP trafik g\u00f6zetleme, DoS sald\u0131r\u0131s\u0131 \u00f6nleme, ba\u011flant\u0131 noktas\u0131 yans\u0131tma, A\u011f\u0131rl\u0131kl\u0131 \u00c7evrimsel (WRR) kuyruk, Broadcast Storm Control, IPv6 deste\u011fi, Multicast Storm Control, Unicast Storm Control, \u00a0STP, RSTP, MSTP, DHCP g\u00f6zetleme, ACL , Quality of Service (QoS), RADIUS deste\u011fi, DHCP sunucusu, MLD trafik g\u00f6zetleme, Dynamic ARP Inspection (DAI), PoE+, s\u0131f\u0131rlama d\u00fc\u011fmesi, STP Root Guard, Uni-Directional Link Detection (UDLD), LACP deste\u011fi, LLDP deste\u011fi, Energy Efficient Ethernet, Dynamic VLAN ,(GVRP), Class of Service (CoS), Strict Priority (SP), Generic Attribute Registration Protocol (GARP), 8MB packet buffer<\/li>\n<li><b>Uyumlu Standartlar<\/b>: IEEE 802.3, IEEE 802.3u, IEEE 802.3z, IEEE 802.1D, IEEE 802.1Q, IEEE 802.3ab, IEEE 802.1p, IEEE 802.3af, IEEE 802.3x, IEEE 802.3ad (LACP), IEEE 802.1w, IEEE 802.1x, IEEE 802.1s, IEEE 802.1ab (LLDP), IEEE 802.3at, IEEE 802.3az<\/li>\n<\/ul>\n","protected":false},"excerpt":{"rendered":"<p>\u00dcr\u00fcn A\u00e7\u0131klamas\u0131: Cisco Small Business SG500X-48P Managed\/Y\u00f6netilebilir Switch \u00dcr\u00fcn Kodu: SG500X-48P-K9 Muhafaza Tipi:\u00a0Rafa [&hellip;]<\/p>\n","protected":false},"featured_media":13521,"comment_status":"open","ping_status":"closed","template":"","meta":{"_monsterinsights_skip_tracking":false,"_monsterinsights_sitenote_active":false,"_monsterinsights_sitenote_note":"","_monsterinsights_sitenote_category":0},"aioseo_notices":[],"_links":{"self":[{"href":"https:\/\/www.elektradata.com\/en\/wp-json\/wp\/v2\/product\/13520"}],"collection":[{"href":"https:\/\/www.elektradata.com\/en\/wp-json\/wp\/v2\/product"}],"about":[{"href":"https:\/\/www.elektradata.com\/en\/wp-json\/wp\/v2\/types\/product"}],"replies":[{"embeddable":true,"href":"https:\/\/www.elektradata.com\/en\/wp-json\/wp\/v2\/comments?post=13520"}],"wp:featuredmedia":[{"embeddable":true,"href":"https:\/\/www.elektradata.com\/en\/wp-json\/wp\/v2\/media\/13521"}],"wp:attachment":[{"href":"https:\/\/www.elektradata.com\/en\/wp-json\/wp\/v2\/media?parent=13520"}],"curies":[{"name":"wp","href":"https:\/\/api.w.org\/{rel}","templated":true}]}}