{"id":13514,"date":"2017-04-04T07:49:45","date_gmt":"2017-04-04T07:49:45","guid":{"rendered":"http:\/\/www.elektradata.com\/?post_type=product&#038;p=13514"},"modified":"2017-04-04T07:49:45","modified_gmt":"2017-04-04T07:49:45","slug":"cisco-asr1002x-5g-k9-router","status":"publish","type":"product","link":"https:\/\/www.elektradata.com\/en\/urun\/cisco-asr1002x-5g-k9-router\/","title":{"rendered":"Cisco ASR1002X-5G-K9 Router"},"content":{"rendered":"<ul>\n<li><b>\u00dcr\u00fcn A\u00e7\u0131klamas\u0131<\/b>: Cisco ASR 1000 Serisi Router,\u00a0 ASR1002-X Router, 5G, K9, AES lisans\u0131 ile<\/li>\n<li><strong>\u00dcr\u00fcn Kodu<\/strong>: ASR1002X-5G-K9<\/li>\n<li><b>Cihaz Tipi<\/b>:\u00a0Router<\/li>\n<li><b>Kullan\u0131m Alan\u0131:\u00a0<\/b>Kurumsal m\u00fc\u015fteriler ve servis sa\u011flay\u0131c\u0131lar i\u00e7in Cisco ASR serisi ASR1002X-5G-K9 Router<\/li>\n<li><b>Muhafaza Bi\u00e7imi:<\/b>\u00a0Rafa Monte &#8211; 2U<\/li>\n<li><b>Aray\u00fczler:<\/b> Management : 1 x 10Base-T\/100Base-TX\/1000Base-T &#8211; RJ-45 \u00a6 Management : 1 x console &#8211; RJ-45 \u00a6 Management : 1 x auxiliary &#8211; RJ-45 \u00a6 6 x Ethernet 1000 &#8211; SFP (mini-GBIC) \u00a6 USB : 2 x 4 PIN USB Type A<\/li>\n<li><b>Uyumlu Standartlar:<\/b> CISPR 24, EN55022, EN55024, CISPR 22, EN50082-1, EN 61000-6-1, AS\/NZS 60950-1, ICES-003 Class A, EN300-386, UL 60950-1, IEC 60950-1, EN 60950-1, CSA C22.2 No. 60950-1-03, GR-1089-CORE, VCCI Class A, GR-63-CORE, KN22 Class A<\/li>\n<li><b>Performans ve \u00d6zellikler:<\/b>\u00a05 Gbps kapasite, 4 Gbps \u015fifrelenmi\u015f kapasite, Donan\u0131msal \u015fifreleme, IPSec VPN deste\u011fi.\u00a04 GB (mevcut) \/ 16 GB (maksimum) RAM<\/li>\n<\/ul>\n","protected":false},"excerpt":{"rendered":"<p>\u00dcr\u00fcn A\u00e7\u0131klamas\u0131: Cisco ASR 1000 Serisi Router,\u00a0 ASR1002-X Router, 5G, K9, AES lisans\u0131 [&hellip;]<\/p>\n","protected":false},"featured_media":13516,"comment_status":"open","ping_status":"closed","template":"","meta":{"_monsterinsights_skip_tracking":false,"_monsterinsights_sitenote_active":false,"_monsterinsights_sitenote_note":"","_monsterinsights_sitenote_category":0},"aioseo_notices":[],"_links":{"self":[{"href":"https:\/\/www.elektradata.com\/en\/wp-json\/wp\/v2\/product\/13514"}],"collection":[{"href":"https:\/\/www.elektradata.com\/en\/wp-json\/wp\/v2\/product"}],"about":[{"href":"https:\/\/www.elektradata.com\/en\/wp-json\/wp\/v2\/types\/product"}],"replies":[{"embeddable":true,"href":"https:\/\/www.elektradata.com\/en\/wp-json\/wp\/v2\/comments?post=13514"}],"wp:featuredmedia":[{"embeddable":true,"href":"https:\/\/www.elektradata.com\/en\/wp-json\/wp\/v2\/media\/13516"}],"wp:attachment":[{"href":"https:\/\/www.elektradata.com\/en\/wp-json\/wp\/v2\/media?parent=13514"}],"curies":[{"name":"wp","href":"https:\/\/api.w.org\/{rel}","templated":true}]}}