{"id":13513,"date":"2017-04-04T07:55:33","date_gmt":"2017-04-04T07:55:33","guid":{"rendered":"http:\/\/www.elektradata.com\/?post_type=product&#038;p=13513"},"modified":"2017-04-04T07:55:33","modified_gmt":"2017-04-04T07:55:33","slug":"cisco-cisco2901-vk9-isr-g2-voice-bundle","status":"publish","type":"product","link":"https:\/\/www.elektradata.com\/en\/urun\/cisco-cisco2901-vk9-isr-g2-voice-bundle\/","title":{"rendered":"Cisco CISCO2901-V\/K9 ISR G2 Voice Bundle"},"content":{"rendered":"<ul>\n<li><b>\u00dcr\u00fcn A\u00e7\u0131klamas\u0131<\/b>: Cisco 2901 Integrated Services Router, PVDM3-16 Ses i\u015fleme mod\u00fcl\u00fc i\u00e7erikli<\/li>\n<li><strong>\u00dcr\u00fcn Kodu<\/strong>: CISCO2901-V\/K9<\/li>\n<li><b>Cihaz Tipi<\/b>: Cisco 2900 serisi ISR<\/li>\n<li><strong>Muhafaza Bi\u00e7imi<\/strong>: Rafa monte 1U, Desktop<\/li>\n<li><b>Teknik \u00d6zellikler<\/b>:\u00a0Cisco CISCO2901-V\/K9, PVDM3-16 voice bundle, 2x GE port, 4x EHWIC yuvas\u0131, 3x USB port, 1x serial konsol port, 1x auxiliary port, Firewall korumas\u0131, VPN deste\u011fi,\u00a0CBWFQ, IPv6 deste\u011fi, MPLS deste\u011fi, Syslog deste\u011fi, WRED<\/li>\n<\/ul>\n","protected":false},"excerpt":{"rendered":"<p>\u00dcr\u00fcn A\u00e7\u0131klamas\u0131: Cisco 2901 Integrated Services Router, PVDM3-16 Ses i\u015fleme mod\u00fcl\u00fc i\u00e7erikli \u00dcr\u00fcn [&hellip;]<\/p>\n","protected":false},"featured_media":13517,"comment_status":"open","ping_status":"closed","template":"","meta":{"_monsterinsights_skip_tracking":false,"_monsterinsights_sitenote_active":false,"_monsterinsights_sitenote_note":"","_monsterinsights_sitenote_category":0},"aioseo_notices":[],"_links":{"self":[{"href":"https:\/\/www.elektradata.com\/en\/wp-json\/wp\/v2\/product\/13513"}],"collection":[{"href":"https:\/\/www.elektradata.com\/en\/wp-json\/wp\/v2\/product"}],"about":[{"href":"https:\/\/www.elektradata.com\/en\/wp-json\/wp\/v2\/types\/product"}],"replies":[{"embeddable":true,"href":"https:\/\/www.elektradata.com\/en\/wp-json\/wp\/v2\/comments?post=13513"}],"wp:featuredmedia":[{"embeddable":true,"href":"https:\/\/www.elektradata.com\/en\/wp-json\/wp\/v2\/media\/13517"}],"wp:attachment":[{"href":"https:\/\/www.elektradata.com\/en\/wp-json\/wp\/v2\/media?parent=13513"}],"curies":[{"name":"wp","href":"https:\/\/api.w.org\/{rel}","templated":true}]}}