{"id":13506,"date":"2017-04-03T12:15:32","date_gmt":"2017-04-03T12:15:32","guid":{"rendered":"http:\/\/www.elektradata.com\/?post_type=product&#038;p=13506"},"modified":"2017-04-06T08:00:03","modified_gmt":"2017-04-06T08:00:03","slug":"cisco-c891f-k9-integrated-services-router","status":"publish","type":"product","link":"https:\/\/www.elektradata.com\/en\/urun\/cisco-c891f-k9-integrated-services-router\/","title":{"rendered":"Cisco C891F-K9 Integrated Services Router"},"content":{"rendered":"<ul>\n<li><b>\u00dcr\u00fcn A\u00e7\u0131klamas\u0131<\/b>: Cisco C891F-K9 Gigabit Ethernet G\u00fcvenlik Lisansl\u0131 Router<\/li>\n<li><strong>\u00dcr\u00fcn Kodu<\/strong>: C891F-K9<\/li>\n<li><b>Cihaz Tipi<\/b>: Cisco 890 Serisi\u00a0Ethernet Security ISR<\/li>\n<li><strong>Muhafaza Bi\u00e7imi<\/strong>: Rafa monte 1U, Desktop<\/li>\n<li><strong>WAN Portlar\u0131<\/strong>: 1-port GE veya SFP, 1 port FE<\/li>\n<li><strong>LAN Portlar\u0131<\/strong>:\u00a08-port 10-\/100-\/1000-Mbps y\u00f6netilebilir swith (4\u2011port PoE)<\/li>\n<li><strong>\u015eifreleme Algoritmalar\u0131<\/strong>:\u00a0DES, Triple DES (3DES), SSL, PKI, 128-bit AES (AES-128), 192-bit AES (AES-192), 256-bit AES (AES-256)<\/li>\n<li><strong>Routing Protokolleri<\/strong>:\u00a0OSPF, RIP-1, RIP-2, BGP, EIGRP, HSRP, VRRP, NHRP, GRE, OSPFv3, PBR, BGP-4+, WCCP,\u00a0BFD<\/li>\n<li><b>\u00d6zellikler:<\/b>\u00a050 IPSec VPN kapasitesi, ACL deste\u011fi, CoS, FNF, High Availability, IGMP snooping, IPv6 deste\u011fi, IPS, LFI, LLQ, MAC adres filtreleme, NAT deste\u011fi, QoS,\u00a0CBWFQ, STP deste\u011fi, Storm Control, VRF-Lite, WFQ,\u00a0WRED, auto MDI\/MDI-X, dinamik DNS sunucu, fans\u0131z, firewall korumas\u0131, power over Ethernet (PoE), DHCP istemci, g\u00fcvenlik kilit yuvas\u0131, trafik shaping, DHCP relay, DNS proxy, DSCP\u00a0deste\u011fi, DiffServ deste\u011fi, DMVPN<\/li>\n<\/ul>\n","protected":false},"excerpt":{"rendered":"<p>\u00dcr\u00fcn A\u00e7\u0131klamas\u0131: Cisco C891F-K9 Gigabit Ethernet G\u00fcvenlik Lisansl\u0131 Router \u00dcr\u00fcn Kodu: C891F-K9 Cihaz [&hellip;]<\/p>\n","protected":false},"featured_media":13507,"comment_status":"open","ping_status":"closed","template":"","meta":{"_monsterinsights_skip_tracking":false,"_monsterinsights_sitenote_active":false,"_monsterinsights_sitenote_note":"","_monsterinsights_sitenote_category":0},"aioseo_notices":[],"_links":{"self":[{"href":"https:\/\/www.elektradata.com\/en\/wp-json\/wp\/v2\/product\/13506"}],"collection":[{"href":"https:\/\/www.elektradata.com\/en\/wp-json\/wp\/v2\/product"}],"about":[{"href":"https:\/\/www.elektradata.com\/en\/wp-json\/wp\/v2\/types\/product"}],"replies":[{"embeddable":true,"href":"https:\/\/www.elektradata.com\/en\/wp-json\/wp\/v2\/comments?post=13506"}],"wp:featuredmedia":[{"embeddable":true,"href":"https:\/\/www.elektradata.com\/en\/wp-json\/wp\/v2\/media\/13507"}],"wp:attachment":[{"href":"https:\/\/www.elektradata.com\/en\/wp-json\/wp\/v2\/media?parent=13506"}],"curies":[{"name":"wp","href":"https:\/\/api.w.org\/{rel}","templated":true}]}}