{"id":13502,"date":"2017-04-03T10:35:59","date_gmt":"2017-04-03T10:35:59","guid":{"rendered":"http:\/\/www.elektradata.com\/?post_type=product&#038;p=13502"},"modified":"2017-04-03T11:49:13","modified_gmt":"2017-04-03T11:49:13","slug":"cisco-c881-k9-integrated-services-router","status":"publish","type":"product","link":"https:\/\/www.elektradata.com\/en\/urun\/cisco-c881-k9-integrated-services-router\/","title":{"rendered":"Cisco C881-K9 Integrated Services Router"},"content":{"rendered":"<ul>\n<li><b>\u00dcr\u00fcn A\u00e7\u0131klamas\u0131<\/b>: Cisco C881-K9 881 Ethernet Security Router<\/li>\n<li><strong>\u00dcr\u00fcn Kodu<\/strong>: C881-K9<\/li>\n<li><b>Cihaz Tipi<\/b>: Cisco 880 Serisi Integrated Services Router<\/li>\n<li><strong>Muhafaza Bi\u00e7imi<\/strong>: Rafa monte 1U, Desktop<\/li>\n<li><b>\u00d6zellikler:<\/b>\u00a0Ethernet security router, 4-port switch, Eri\u015fim kontrol listesi (ACL) deste\u011fi, auto MDI\/MDI-X, CoS, CBWFQ, DHCP sunucu, DHCP istemci- DHCP relay, Fans\u0131z, DNS proxy, LLQ, MAC adres filtreleme, NAT deste\u011fi, QoS, STP deste\u011fi, WFQ<\/li>\n<\/ul>\n","protected":false},"excerpt":{"rendered":"<p>\u00dcr\u00fcn A\u00e7\u0131klamas\u0131: Cisco C881-K9 881 Ethernet Security Router \u00dcr\u00fcn Kodu: C881-K9 Cihaz Tipi: [&hellip;]<\/p>\n","protected":false},"featured_media":13503,"comment_status":"open","ping_status":"closed","template":"","meta":{"_monsterinsights_skip_tracking":false,"_monsterinsights_sitenote_active":false,"_monsterinsights_sitenote_note":"","_monsterinsights_sitenote_category":0},"aioseo_notices":[],"_links":{"self":[{"href":"https:\/\/www.elektradata.com\/en\/wp-json\/wp\/v2\/product\/13502"}],"collection":[{"href":"https:\/\/www.elektradata.com\/en\/wp-json\/wp\/v2\/product"}],"about":[{"href":"https:\/\/www.elektradata.com\/en\/wp-json\/wp\/v2\/types\/product"}],"replies":[{"embeddable":true,"href":"https:\/\/www.elektradata.com\/en\/wp-json\/wp\/v2\/comments?post=13502"}],"wp:featuredmedia":[{"embeddable":true,"href":"https:\/\/www.elektradata.com\/en\/wp-json\/wp\/v2\/media\/13503"}],"wp:attachment":[{"href":"https:\/\/www.elektradata.com\/en\/wp-json\/wp\/v2\/media?parent=13502"}],"curies":[{"name":"wp","href":"https:\/\/api.w.org\/{rel}","templated":true}]}}