{"id":13498,"date":"2017-04-01T22:08:46","date_gmt":"2017-04-01T22:08:46","guid":{"rendered":"http:\/\/www.elektradata.com\/?post_type=product&#038;p=13498"},"modified":"2017-04-02T21:04:00","modified_gmt":"2017-04-02T21:04:00","slug":"cisco-c2901-vseck9-integrated-services-router","status":"publish","type":"product","link":"https:\/\/www.elektradata.com\/en\/urun\/cisco-c2901-vseck9-integrated-services-router\/","title":{"rendered":"Cisco C2901-VSEC\/K9 Integrated Services Router"},"content":{"rendered":"<ul>\n<li><b>\u00dcr\u00fcn A\u00e7\u0131klamas\u0131<\/b>: Cisco C2901-VSEC\/K9\u00a0Ses G\u00fcvenlik Lisansl\u0131 2901 Integrated Services Router<\/li>\n<li><strong>\u00dcr\u00fcn Kodu<\/strong>: C2901-VSEC\/K9<\/li>\n<li><b>Cihaz Tipi<\/b>:\u00a02900 Serisi Ses G\u00fcvenlik Lisansl\u0131 Router<\/li>\n<li><strong>Muhafaza Bi\u00e7imi<\/strong>: Rafa monte 1U<\/li>\n<li><b>\u00d6zellikler:<\/b>\u00a0K9 Voice Security bundle, PVDM3-16 veya PVDM3-32 ses i\u015fleme mod\u00fcl\u00fc (DSP) se\u00e7enekleriyle, 2 adet 10\/100\/1000 Ethernet port, 4 adet EHWIC yuvas\u0131, 2 adet kart \u00fczerinde DSP yuvas\u0131, 2 adet Gigabit Ethernet port, 2 adet USB 2.0 port, OSPF, IS-IS, BGP, EIGRP, DVMRP, PIM-SM, IGMPv3, GRE, PIM-SSM, static IPv6 routing, IPSec, VPN deste\u011fi, MPLS deste\u011fi, Syslog deste\u011fi,\u00a0CBWFQ,\u00a0WRED,\u00a0DMVPN, Firewall<\/li>\n<\/ul>\n","protected":false},"excerpt":{"rendered":"<p>\u00dcr\u00fcn A\u00e7\u0131klamas\u0131: Cisco C2901-VSEC\/K9\u00a0Ses G\u00fcvenlik Lisansl\u0131 2901 Integrated Services Router \u00dcr\u00fcn Kodu: C2901-VSEC\/K9 [&hellip;]<\/p>\n","protected":false},"featured_media":13499,"comment_status":"open","ping_status":"closed","template":"","meta":{"_monsterinsights_skip_tracking":false,"_monsterinsights_sitenote_active":false,"_monsterinsights_sitenote_note":"","_monsterinsights_sitenote_category":0},"aioseo_notices":[],"_links":{"self":[{"href":"https:\/\/www.elektradata.com\/en\/wp-json\/wp\/v2\/product\/13498"}],"collection":[{"href":"https:\/\/www.elektradata.com\/en\/wp-json\/wp\/v2\/product"}],"about":[{"href":"https:\/\/www.elektradata.com\/en\/wp-json\/wp\/v2\/types\/product"}],"replies":[{"embeddable":true,"href":"https:\/\/www.elektradata.com\/en\/wp-json\/wp\/v2\/comments?post=13498"}],"wp:featuredmedia":[{"embeddable":true,"href":"https:\/\/www.elektradata.com\/en\/wp-json\/wp\/v2\/media\/13499"}],"wp:attachment":[{"href":"https:\/\/www.elektradata.com\/en\/wp-json\/wp\/v2\/media?parent=13498"}],"curies":[{"name":"wp","href":"https:\/\/api.w.org\/{rel}","templated":true}]}}