{"id":13496,"date":"2017-04-01T07:19:37","date_gmt":"2017-04-01T07:19:37","guid":{"rendered":"http:\/\/www.elektradata.com\/?post_type=product&#038;p=13496"},"modified":"2017-04-05T09:54:46","modified_gmt":"2017-04-05T09:54:46","slug":"cisco-one-catalyst-c1-c4500x-32sfp-switch","status":"publish","type":"product","link":"https:\/\/www.elektradata.com\/en\/urun\/cisco-one-catalyst-c1-c4500x-32sfp-switch\/","title":{"rendered":"Cisco ONE Catalyst C1-C4500X-32SFP+ 32 10GE port Switch"},"content":{"rendered":"<ul>\n<li><b>\u00dcr\u00fcn A\u00e7\u0131klamas\u0131<\/b>: Cisco One Catalyst C1-C4500X-32SFP+ 4500x Serisi 32x Sabit 10 GE SFP+ Portlu Switch<\/li>\n<li><strong>\u00dcr\u00fcn Kodu<\/strong>: C1-C4500X-16SFP+<\/li>\n<li><b>Cihaz Tipi<\/b>: Cisco One Catalyst 4500-X Serisi 32\u00a0Portlu Y\u00f6netilebilir Switch<\/li>\n<li><strong>Muhafaza Bi\u00e7imi<\/strong>: Rafa monte 1U, Desktop<\/li>\n<li><strong>Performans Kapasitesi<\/strong>: 250 Mbps IPv4 routing kapasitesi, 125 Mbps IPv6 routing kapasitesi<\/li>\n<li><b>\u00d6zellikler:<\/b>\u00a032 adet 10 Gigabit Ethernet SFP+ Portu, \u00f6nden arkaya hava ak\u0131\u015f\u0131, 4094\u00a0VLAN kapasitesi, 47000 ARP kayd\u0131 kapasitesi, STP, ACL, IPv6, QoS, RMON 1, RMON 2<\/li>\n<\/ul>\n","protected":false},"excerpt":{"rendered":"<p>\u00dcr\u00fcn A\u00e7\u0131klamas\u0131: Cisco One Catalyst C1-C4500X-32SFP+ 4500x Serisi 32x Sabit 10 GE SFP+ [&hellip;]<\/p>\n","protected":false},"featured_media":13497,"comment_status":"open","ping_status":"closed","template":"","meta":{"_monsterinsights_skip_tracking":false,"_monsterinsights_sitenote_active":false,"_monsterinsights_sitenote_note":"","_monsterinsights_sitenote_category":0},"aioseo_notices":[],"_links":{"self":[{"href":"https:\/\/www.elektradata.com\/en\/wp-json\/wp\/v2\/product\/13496"}],"collection":[{"href":"https:\/\/www.elektradata.com\/en\/wp-json\/wp\/v2\/product"}],"about":[{"href":"https:\/\/www.elektradata.com\/en\/wp-json\/wp\/v2\/types\/product"}],"replies":[{"embeddable":true,"href":"https:\/\/www.elektradata.com\/en\/wp-json\/wp\/v2\/comments?post=13496"}],"wp:featuredmedia":[{"embeddable":true,"href":"https:\/\/www.elektradata.com\/en\/wp-json\/wp\/v2\/media\/13497"}],"wp:attachment":[{"href":"https:\/\/www.elektradata.com\/en\/wp-json\/wp\/v2\/media?parent=13496"}],"curies":[{"name":"wp","href":"https:\/\/api.w.org\/{rel}","templated":true}]}}