{"id":13492,"date":"2017-04-01T06:36:04","date_gmt":"2017-04-01T06:36:04","guid":{"rendered":"http:\/\/www.elektradata.com\/?post_type=product&#038;p=13492"},"modified":"2017-04-01T06:36:04","modified_gmt":"2017-04-01T06:36:04","slug":"cisco-c1921-vak9-1921-router","status":"publish","type":"product","link":"https:\/\/www.elektradata.com\/en\/urun\/cisco-c1921-vak9-1921-router\/","title":{"rendered":"Cisco C1921-VA\/K9 1921 Router"},"content":{"rendered":"<ul>\n<li><b>\u00dcr\u00fcn A\u00e7\u0131klamas\u0131<\/b>: Cisco C1921-VA\/K9 EHWIC-VA-DSL-A WAN kartl\u0131 1921 Integrated Services Router<\/li>\n<li><strong>\u00dcr\u00fcn Kodu<\/strong>: C1921-VA\/K9<\/li>\n<li><b>Cihaz Tipi<\/b>: 1900\u00a0Serisi Router<\/li>\n<li><strong>Muhafaza Bi\u00e7imi<\/strong>: Rafa monte 1U<\/li>\n<li><b>\u00d6zellikler:<\/b> EHWIC-VA-DSL-A WAN kart\u0131, 1 x VDSL2 \/ ADSL2+ RJ11 WAN portu, 2 x 10\/100\/1000 RJ45 port, 1 x serial konsol portu, 1 x serial auxiliary port, Type A ve B USB portu<\/li>\n<\/ul>\n","protected":false},"excerpt":{"rendered":"<p>\u00dcr\u00fcn A\u00e7\u0131klamas\u0131: Cisco C1921-VA\/K9 EHWIC-VA-DSL-A WAN kartl\u0131 1921 Integrated Services Router \u00dcr\u00fcn Kodu: [&hellip;]<\/p>\n","protected":false},"featured_media":13493,"comment_status":"open","ping_status":"closed","template":"","meta":{"_monsterinsights_skip_tracking":false,"_monsterinsights_sitenote_active":false,"_monsterinsights_sitenote_note":"","_monsterinsights_sitenote_category":0},"aioseo_notices":[],"_links":{"self":[{"href":"https:\/\/www.elektradata.com\/en\/wp-json\/wp\/v2\/product\/13492"}],"collection":[{"href":"https:\/\/www.elektradata.com\/en\/wp-json\/wp\/v2\/product"}],"about":[{"href":"https:\/\/www.elektradata.com\/en\/wp-json\/wp\/v2\/types\/product"}],"replies":[{"embeddable":true,"href":"https:\/\/www.elektradata.com\/en\/wp-json\/wp\/v2\/comments?post=13492"}],"wp:featuredmedia":[{"embeddable":true,"href":"https:\/\/www.elektradata.com\/en\/wp-json\/wp\/v2\/media\/13493"}],"wp:attachment":[{"href":"https:\/\/www.elektradata.com\/en\/wp-json\/wp\/v2\/media?parent=13492"}],"curies":[{"name":"wp","href":"https:\/\/api.w.org\/{rel}","templated":true}]}}