{"id":13489,"date":"2017-03-31T14:16:16","date_gmt":"2017-03-31T14:16:16","guid":{"rendered":"http:\/\/www.elektradata.com\/?post_type=product&#038;p=13489"},"modified":"2017-03-31T14:16:16","modified_gmt":"2017-03-31T14:16:16","slug":"cisco-asa5585-s20-k9-next-generation-firewall","status":"publish","type":"product","link":"https:\/\/www.elektradata.com\/en\/urun\/cisco-asa5585-s20-k9-next-generation-firewall\/","title":{"rendered":"Cisco ASA5585-S20-K9 Next-Generation Firewall"},"content":{"rendered":"<ul>\n<li><b>\u00dcr\u00fcn A\u00e7\u0131klamas\u0131<\/b>: Cisco ASA5585-S20-K9 ASA 8xGE 2xSFP Yeni Nesil G\u00fcvenlik Duvar\u0131<\/li>\n<li><strong>\u00dcr\u00fcn Kodu<\/strong>: WS-C2960X-24TS-L<\/li>\n<li><b>Cihaz Tipi<\/b>:\u00a02960-X Serisi 24 Portlu Y\u00f6netilebilir Switch<\/li>\n<li><strong>Muhafaza Bi\u00e7imi<\/strong>: Rafa monte 1U, Desktop<\/li>\n<li><strong>Performans Kapasitesi<\/strong>: 216 Gbps switching kapasitesi, 71.4 Mbps routing kapasitesi<\/li>\n<li><b>\u00d6zellikler:<\/b>\u00a0SSP-20 bundle, 8x Gigabit Ethernet, 2x Gigabit Ethernet SFP, 2x GE y\u00f6netim aray\u00fcz\u00fc, 10,000 IPsec VPN peers, 2 Premium VPN peers, 3DES\/AES lisans\u0131<\/li>\n<\/ul>\n","protected":false},"excerpt":{"rendered":"<p>\u00dcr\u00fcn A\u00e7\u0131klamas\u0131: Cisco ASA5585-S20-K9 ASA 8xGE 2xSFP Yeni Nesil G\u00fcvenlik Duvar\u0131 \u00dcr\u00fcn Kodu: [&hellip;]<\/p>\n","protected":false},"featured_media":13490,"comment_status":"open","ping_status":"closed","template":"","meta":{"_monsterinsights_skip_tracking":false,"_monsterinsights_sitenote_active":false,"_monsterinsights_sitenote_note":"","_monsterinsights_sitenote_category":0},"aioseo_notices":[],"_links":{"self":[{"href":"https:\/\/www.elektradata.com\/en\/wp-json\/wp\/v2\/product\/13489"}],"collection":[{"href":"https:\/\/www.elektradata.com\/en\/wp-json\/wp\/v2\/product"}],"about":[{"href":"https:\/\/www.elektradata.com\/en\/wp-json\/wp\/v2\/types\/product"}],"replies":[{"embeddable":true,"href":"https:\/\/www.elektradata.com\/en\/wp-json\/wp\/v2\/comments?post=13489"}],"wp:featuredmedia":[{"embeddable":true,"href":"https:\/\/www.elektradata.com\/en\/wp-json\/wp\/v2\/media\/13490"}],"wp:attachment":[{"href":"https:\/\/www.elektradata.com\/en\/wp-json\/wp\/v2\/media?parent=13489"}],"curies":[{"name":"wp","href":"https:\/\/api.w.org\/{rel}","templated":true}]}}