{"id":13485,"date":"2017-03-31T12:15:36","date_gmt":"2017-03-31T12:15:36","guid":{"rendered":"http:\/\/www.elektradata.com\/?post_type=product&#038;p=13485"},"modified":"2017-03-31T12:15:46","modified_gmt":"2017-03-31T12:15:46","slug":"cisco-aironet-air-ant2524dw-r-anten","status":"publish","type":"product","link":"https:\/\/www.elektradata.com\/en\/urun\/cisco-aironet-air-ant2524dw-r-anten\/","title":{"rendered":"Cisco Aironet AIR-ANT2524DW-R Anten"},"content":{"rendered":"<div class=\"woocommerce-tabs wc-tabs-wrapper\">\n<div id=\"tab-description\" class=\"woocommerce-Tabs-panel woocommerce-Tabs-panel--description panel entry-content wc-tab\">\n<div class=\"post-content\">\n<ul>\n<li><b>\u00dcr\u00fcn A\u00e7\u0131klamas\u0131<\/b>: Cisco AIR-ANT2524DW-R Aironet Anten<\/li>\n<li><strong>\u00dcr\u00fcn Kodu<\/strong>: AIR-ANT2524DW-R<\/li>\n<li><b>Cihaz Tipi<\/b>:\u00a0Cisco Wireless Aironet Anten<\/li>\n<li><strong>Uyumluluk<\/strong>: Cisco Aironet Access Point: 1600 serisi, 2600 serisi, 3600 serisi, 3700 serisi<\/li>\n<li><strong>Ba\u011flant\u0131 Tipi<\/strong>:\u00a0RP-TNC<\/li>\n<li><b>\u00d6zellikler:<\/b>\u00a04 dBi, 90 derece hareket edebilir, RP-TNC ba\u011flant\u0131 tipi<\/li>\n<\/ul>\n<\/div>\n<\/div>\n<\/div>\n<div class=\"fusion-clearfix\"><\/div>\n<div class=\"related products\"><\/div>\n","protected":false},"excerpt":{"rendered":"<p>\u00dcr\u00fcn A\u00e7\u0131klamas\u0131: Cisco AIR-ANT2524DW-R Aironet Anten \u00dcr\u00fcn Kodu: AIR-ANT2524DW-R Cihaz Tipi:\u00a0Cisco Wireless Aironet [&hellip;]<\/p>\n","protected":false},"featured_media":13486,"comment_status":"open","ping_status":"closed","template":"","meta":{"_monsterinsights_skip_tracking":false,"_monsterinsights_sitenote_active":false,"_monsterinsights_sitenote_note":"","_monsterinsights_sitenote_category":0},"aioseo_notices":[],"_links":{"self":[{"href":"https:\/\/www.elektradata.com\/en\/wp-json\/wp\/v2\/product\/13485"}],"collection":[{"href":"https:\/\/www.elektradata.com\/en\/wp-json\/wp\/v2\/product"}],"about":[{"href":"https:\/\/www.elektradata.com\/en\/wp-json\/wp\/v2\/types\/product"}],"replies":[{"embeddable":true,"href":"https:\/\/www.elektradata.com\/en\/wp-json\/wp\/v2\/comments?post=13485"}],"wp:featuredmedia":[{"embeddable":true,"href":"https:\/\/www.elektradata.com\/en\/wp-json\/wp\/v2\/media\/13486"}],"wp:attachment":[{"href":"https:\/\/www.elektradata.com\/en\/wp-json\/wp\/v2\/media?parent=13485"}],"curies":[{"name":"wp","href":"https:\/\/api.w.org\/{rel}","templated":true}]}}