{"id":13483,"date":"2017-03-31T14:26:45","date_gmt":"2017-03-31T14:26:45","guid":{"rendered":"http:\/\/www.elektradata.com\/?post_type=product&#038;p=13483"},"modified":"2017-03-31T14:26:45","modified_gmt":"2017-03-31T14:26:45","slug":"cisco-asa-ic-6ge-sfp-c-firewall-ag-arayuz-karti","status":"publish","type":"product","link":"https:\/\/www.elektradata.com\/en\/urun\/cisco-asa-ic-6ge-sfp-c-firewall-ag-arayuz-karti\/","title":{"rendered":"Cisco ASA-IC-6GE-SFP-C Firewall A\u011f Aray\u00fcz Kart\u0131"},"content":{"rendered":"<ul>\n<li><b>\u00dcr\u00fcn A\u00e7\u0131klamas\u0131<\/b>: Cisco ASA-IC-6GE-SFP-C 6x SFP Gigabit Ethernet Portlu A\u011f Aray\u00fcz Kart\u0131<\/li>\n<li><strong>\u00dcr\u00fcn Kodu<\/strong>: ASA-IC-6GE-SFP-C<\/li>\n<li><b>Cihaz Tipi<\/b>:\u00a0A\u011f Aray\u00fcz Kart\u0131<\/li>\n<li><strong>\u00d6zellikler<\/strong>: 6-Port GE SFP<\/li>\n<li><b>Uyumluluk:\u00a0<\/b>Cisco ASA 5545-X ve ASA 5555-X<\/li>\n<\/ul>\n","protected":false},"excerpt":{"rendered":"<p>\u00dcr\u00fcn A\u00e7\u0131klamas\u0131: Cisco ASA-IC-6GE-SFP-C 6x SFP Gigabit Ethernet Portlu A\u011f Aray\u00fcz Kart\u0131 \u00dcr\u00fcn [&hellip;]<\/p>\n","protected":false},"featured_media":13491,"comment_status":"open","ping_status":"closed","template":"","meta":{"_monsterinsights_skip_tracking":false,"_monsterinsights_sitenote_active":false,"_monsterinsights_sitenote_note":"","_monsterinsights_sitenote_category":0},"aioseo_notices":[],"_links":{"self":[{"href":"https:\/\/www.elektradata.com\/en\/wp-json\/wp\/v2\/product\/13483"}],"collection":[{"href":"https:\/\/www.elektradata.com\/en\/wp-json\/wp\/v2\/product"}],"about":[{"href":"https:\/\/www.elektradata.com\/en\/wp-json\/wp\/v2\/types\/product"}],"replies":[{"embeddable":true,"href":"https:\/\/www.elektradata.com\/en\/wp-json\/wp\/v2\/comments?post=13483"}],"wp:featuredmedia":[{"embeddable":true,"href":"https:\/\/www.elektradata.com\/en\/wp-json\/wp\/v2\/media\/13491"}],"wp:attachment":[{"href":"https:\/\/www.elektradata.com\/en\/wp-json\/wp\/v2\/media?parent=13483"}],"curies":[{"name":"wp","href":"https:\/\/api.w.org\/{rel}","templated":true}]}}