{"id":13478,"date":"2017-03-30T16:31:00","date_gmt":"2017-03-30T16:31:00","guid":{"rendered":"http:\/\/www.elektradata.com\/?post_type=product&#038;p=13478"},"modified":"2017-04-07T11:19:23","modified_gmt":"2017-04-07T11:19:23","slug":"cisco-ws-x4712-sfpe-12-port-10ge-sfp-hat-karti","status":"publish","type":"product","link":"https:\/\/www.elektradata.com\/en\/urun\/cisco-ws-x4712-sfpe-12-port-10ge-sfp-hat-karti\/","title":{"rendered":"Cisco WS-X4712-SFP+E 12-Port 10GE SFP+ Hat Kart\u0131"},"content":{"rendered":"<ul>\n<li><b>\u00dcr\u00fcn A\u00e7\u0131klamas\u0131<\/b>: Cisco WS-X4712-SFP+E Catalyst 4500E serisi i\u00e7in 10 Gigabit Ethernet (SFP+)\u00a0Hat Kart\u0131<\/li>\n<li><strong>\u00dcr\u00fcn Kodu<\/strong>: WS-X4712-SFP+E<\/li>\n<li><b>Cihaz Tipi<\/b>: 12-Port 10 Gigabit Ethernet &#8211; SFP+ Line Card<\/li>\n<li><b>\u00d6zellikler:<\/b>\u00a012-Port 10 Gigabit Ethernet (SFP+), her bir slot i\u00e7in 48 gigabits kapasite, ayn\u0131 kart \u00fczerinde SFP ve SFP+ deste\u011fi,\u00a0Cisco IOS<span class=\"Superscript\"><sup class=\" cSuperscript\">\u00ae<\/sup><\/span> XE Release 3.1.0SG\u00a0veya sonras\u0131,\u00a0L2-4 Jumbo Frame deste\u011fi<\/li>\n<li><strong>Uyumluluk<\/strong>: Cisco Catalyst 4500E Serisi Switch<\/li>\n<\/ul>\n","protected":false},"excerpt":{"rendered":"<p>\u00dcr\u00fcn A\u00e7\u0131klamas\u0131: Cisco WS-X4712-SFP+E Catalyst 4500E serisi i\u00e7in 10 Gigabit Ethernet (SFP+)\u00a0Hat Kart\u0131 [&hellip;]<\/p>\n","protected":false},"featured_media":13664,"comment_status":"open","ping_status":"closed","template":"","meta":{"_monsterinsights_skip_tracking":false,"_monsterinsights_sitenote_active":false,"_monsterinsights_sitenote_note":"","_monsterinsights_sitenote_category":0},"aioseo_notices":[],"_links":{"self":[{"href":"https:\/\/www.elektradata.com\/en\/wp-json\/wp\/v2\/product\/13478"}],"collection":[{"href":"https:\/\/www.elektradata.com\/en\/wp-json\/wp\/v2\/product"}],"about":[{"href":"https:\/\/www.elektradata.com\/en\/wp-json\/wp\/v2\/types\/product"}],"replies":[{"embeddable":true,"href":"https:\/\/www.elektradata.com\/en\/wp-json\/wp\/v2\/comments?post=13478"}],"wp:featuredmedia":[{"embeddable":true,"href":"https:\/\/www.elektradata.com\/en\/wp-json\/wp\/v2\/media\/13664"}],"wp:attachment":[{"href":"https:\/\/www.elektradata.com\/en\/wp-json\/wp\/v2\/media?parent=13478"}],"curies":[{"name":"wp","href":"https:\/\/api.w.org\/{rel}","templated":true}]}}