{"id":13472,"date":"2017-03-30T10:25:59","date_gmt":"2017-03-30T10:25:59","guid":{"rendered":"http:\/\/www.elektradata.com\/?post_type=product&#038;p=13472"},"modified":"2017-03-30T10:25:59","modified_gmt":"2017-03-30T10:25:59","slug":"cisco-hwic-2fe-high-speed-wic-kart","status":"publish","type":"product","link":"https:\/\/www.elektradata.com\/en\/urun\/cisco-hwic-2fe-high-speed-wic-kart\/","title":{"rendered":"Cisco HWIC-2FE High Speed WIC Kart"},"content":{"rendered":"<ul>\n<li><b>\u00dcr\u00fcn A\u00e7\u0131klamas\u0131<\/b>: Cisco HWIC-2FE Fast Ethernet HWIC\u00a0Kart<\/li>\n<li><strong>\u00dcr\u00fcn Kodu<\/strong>: HWIC-2FE<\/li>\n<li><b>Cihaz Tipi<\/b>: HWIC A\u011f Aray\u00fcz Kart\u0131<\/li>\n<li><b>\u00d6zellikler:<\/b>\u00a02-Port\u00a0Fast Ethernet ba\u011flant\u0131s\u0131<\/li>\n<li><strong>Uyumluluk<\/strong>:\n<ul>\n<li>Cisco 1841 integrated services router<\/li>\n<li>Cisco 2800 serisi\u00a0integrated services routers<\/li>\n<li>Cisco 3800 serisi\u00a0integrated services routers<\/li>\n<\/ul>\n<\/li>\n<\/ul>\n","protected":false},"excerpt":{"rendered":"<p>\u00dcr\u00fcn A\u00e7\u0131klamas\u0131: Cisco HWIC-2FE Fast Ethernet HWIC\u00a0Kart \u00dcr\u00fcn Kodu: HWIC-2FE Cihaz Tipi: HWIC [&hellip;]<\/p>\n","protected":false},"featured_media":13473,"comment_status":"open","ping_status":"closed","template":"","meta":{"_monsterinsights_skip_tracking":false,"_monsterinsights_sitenote_active":false,"_monsterinsights_sitenote_note":"","_monsterinsights_sitenote_category":0},"aioseo_notices":[],"_links":{"self":[{"href":"https:\/\/www.elektradata.com\/en\/wp-json\/wp\/v2\/product\/13472"}],"collection":[{"href":"https:\/\/www.elektradata.com\/en\/wp-json\/wp\/v2\/product"}],"about":[{"href":"https:\/\/www.elektradata.com\/en\/wp-json\/wp\/v2\/types\/product"}],"replies":[{"embeddable":true,"href":"https:\/\/www.elektradata.com\/en\/wp-json\/wp\/v2\/comments?post=13472"}],"wp:featuredmedia":[{"embeddable":true,"href":"https:\/\/www.elektradata.com\/en\/wp-json\/wp\/v2\/media\/13473"}],"wp:attachment":[{"href":"https:\/\/www.elektradata.com\/en\/wp-json\/wp\/v2\/media?parent=13472"}],"curies":[{"name":"wp","href":"https:\/\/api.w.org\/{rel}","templated":true}]}}