{"id":13470,"date":"2017-03-30T09:13:34","date_gmt":"2017-03-30T09:13:34","guid":{"rendered":"http:\/\/www.elektradata.com\/?post_type=product&#038;p=13470"},"modified":"2018-04-05T16:32:14","modified_gmt":"2018-04-05T13:32:14","slug":"cisco-c3kx-nm-1g-catalyst-ag-modulu","status":"publish","type":"product","link":"https:\/\/www.elektradata.com\/en\/urun\/cisco-c3kx-nm-1g-catalyst-ag-modulu\/","title":{"rendered":"Cisco C3KX-NM-1G Catalyst A\u011f Mod\u00fcl\u00fc"},"content":{"rendered":"<p><\/p>\n<ul>\n<li><b>Item Description<\/b>: Cisco C3KX-NM-1G Network Module for 3560x and 3750x Series Switches<\/li>\n<li><strong>Part Number<\/strong>: C3KX-NM-1G<\/li>\n<li><b>Type<\/b>: Network Interface Module<\/li>\n<li><b>Specifications:<\/b>\u00a04xGigabit Ethernet SFP connections<\/li>\n<li><strong>Compatibility<\/strong>: Cisco Catalyst 3560x\u00a0and 3570x Series Switches<\/li>\n<\/ul>\n<p><\/p>","protected":false},"excerpt":{"rendered":"<p>Item Description: Cisco C3KX-NM-1G Network Module for 3560x and 3750x Series Switches Part [&hellip;]<\/p>\n","protected":false},"featured_media":13471,"comment_status":"open","ping_status":"closed","template":"","meta":{"_monsterinsights_skip_tracking":false,"_monsterinsights_sitenote_active":false,"_monsterinsights_sitenote_note":"","_monsterinsights_sitenote_category":0},"aioseo_notices":[],"_links":{"self":[{"href":"https:\/\/www.elektradata.com\/en\/wp-json\/wp\/v2\/product\/13470"}],"collection":[{"href":"https:\/\/www.elektradata.com\/en\/wp-json\/wp\/v2\/product"}],"about":[{"href":"https:\/\/www.elektradata.com\/en\/wp-json\/wp\/v2\/types\/product"}],"replies":[{"embeddable":true,"href":"https:\/\/www.elektradata.com\/en\/wp-json\/wp\/v2\/comments?post=13470"}],"wp:featuredmedia":[{"embeddable":true,"href":"https:\/\/www.elektradata.com\/en\/wp-json\/wp\/v2\/media\/13471"}],"wp:attachment":[{"href":"https:\/\/www.elektradata.com\/en\/wp-json\/wp\/v2\/media?parent=13470"}],"curies":[{"name":"wp","href":"https:\/\/api.w.org\/{rel}","templated":true}]}}