{"id":13466,"date":"2017-03-30T08:31:31","date_gmt":"2017-03-30T08:31:31","guid":{"rendered":"http:\/\/www.elektradata.com\/?post_type=product&#038;p=13466"},"modified":"2017-04-07T13:28:53","modified_gmt":"2017-04-07T13:28:53","slug":"cisco-isr4321-seck9-integrated-services-router","status":"publish","type":"product","link":"https:\/\/www.elektradata.com\/en\/urun\/cisco-isr4321-seck9-integrated-services-router\/","title":{"rendered":"Cisco ISR4321-SEC\/K9 Integrated Services Router"},"content":{"rendered":"<ul>\n<li><b>\u00dcr\u00fcn A\u00e7\u0131klamas\u0131<\/b>: Cisco ISR4321-SEC\/K9 G\u00fcvenlik Lisansl\u0131 4321 Integrated Services Router<\/li>\n<li><strong>\u00dcr\u00fcn Kodu<\/strong>: ISR4321-SEC\/K9<\/li>\n<li><b>Cihaz Tipi<\/b>: 4300\u00a0Serisi Integrated Services Router<\/li>\n<li><strong>Muhafaza Bi\u00e7imi<\/strong>: Rafa monte 1U, Desktop<\/li>\n<li><b>Kapasite\/performans<\/b><span style=\"font-weight: 400;\">: 50 Mbps &#8211; 100 Mbps throughput<\/span><\/li>\n<li><strong>Y\u00f6nlendirme Protokolleri<\/strong>:\u00a0BGP , BFD, DVMRP , EIGRP , GRE , IGMPv3 , IPv4-to-IPv6 Multicast, IS-IS, OSPF, PIM-SM, PIM-SSM , Policy-based routing (PBR) , RIP-1 , RIP-2 , MPLS, Static IPv4 routing, Static IPv6 routing<\/li>\n<li><b>\u00d6zellikler:<\/b>\u00a0K9 Security bundle, 2 adet Gigabit Ethernet RJ45\u00a0port, 1 adet Gigabit Ethernet SFP fiber optik port, Type A ve B USB portu<\/li>\n<\/ul>\n","protected":false},"excerpt":{"rendered":"<p>\u00dcr\u00fcn A\u00e7\u0131klamas\u0131: Cisco ISR4321-SEC\/K9 G\u00fcvenlik Lisansl\u0131 4321 Integrated Services Router \u00dcr\u00fcn Kodu: ISR4321-SEC\/K9 [&hellip;]<\/p>\n","protected":false},"featured_media":13467,"comment_status":"open","ping_status":"closed","template":"","meta":{"_monsterinsights_skip_tracking":false,"_monsterinsights_sitenote_active":false,"_monsterinsights_sitenote_note":"","_monsterinsights_sitenote_category":0},"aioseo_notices":[],"_links":{"self":[{"href":"https:\/\/www.elektradata.com\/en\/wp-json\/wp\/v2\/product\/13466"}],"collection":[{"href":"https:\/\/www.elektradata.com\/en\/wp-json\/wp\/v2\/product"}],"about":[{"href":"https:\/\/www.elektradata.com\/en\/wp-json\/wp\/v2\/types\/product"}],"replies":[{"embeddable":true,"href":"https:\/\/www.elektradata.com\/en\/wp-json\/wp\/v2\/comments?post=13466"}],"wp:featuredmedia":[{"embeddable":true,"href":"https:\/\/www.elektradata.com\/en\/wp-json\/wp\/v2\/media\/13467"}],"wp:attachment":[{"href":"https:\/\/www.elektradata.com\/en\/wp-json\/wp\/v2\/media?parent=13466"}],"curies":[{"name":"wp","href":"https:\/\/api.w.org\/{rel}","templated":true}]}}