{"id":13464,"date":"2017-03-29T13:39:21","date_gmt":"2017-03-29T13:39:21","guid":{"rendered":"http:\/\/www.elektradata.com\/?post_type=product&#038;p=13464"},"modified":"2017-03-29T13:39:21","modified_gmt":"2017-03-29T13:39:21","slug":"cisco-nim-1ge-cu-sfp-1-port-gigabit-ethernet-arayuz-modulu","status":"publish","type":"product","link":"https:\/\/www.elektradata.com\/en\/urun\/cisco-nim-1ge-cu-sfp-1-port-gigabit-ethernet-arayuz-modulu\/","title":{"rendered":"Cisco NIM-1GE-CU-SFP 1-port Gigabit Ethernet Aray\u00fcz Mod\u00fcl\u00fc"},"content":{"rendered":"<ul>\n<li><b>\u00dcr\u00fcn A\u00e7\u0131klamas\u0131<\/b>: Cisco 4000 ve Cisco ISR 4300 serisi routerlar i\u00e7in 1 portlu WAN\u00a0aray\u00fcz mod\u00fcl\u00fc<\/li>\n<li><strong>\u00dcr\u00fcn Kodu<\/strong>: NIM-1GE-CU-SFP<\/li>\n<li><b>Cihaz Tipi<\/b>: A\u011f Aray\u00fcz Mod\u00fcl\u00fc<\/li>\n<li><b>\u00d6zellikler:<\/b>\u00a01-Port GE\/SFP ba\u011flant\u0131s\u0131<\/li>\n<li><strong>Uyumluluk<\/strong>: Cisco 4000 ve Cisco ISR 4300 Serisi Integrated Services Routers<\/li>\n<\/ul>\n","protected":false},"excerpt":{"rendered":"<p>\u00dcr\u00fcn A\u00e7\u0131klamas\u0131: Cisco 4000 ve Cisco ISR 4300 serisi routerlar i\u00e7in 1 portlu [&hellip;]<\/p>\n","protected":false},"featured_media":13465,"comment_status":"open","ping_status":"closed","template":"","meta":{"_monsterinsights_skip_tracking":false,"_monsterinsights_sitenote_active":false,"_monsterinsights_sitenote_note":"","_monsterinsights_sitenote_category":0},"aioseo_notices":[],"_links":{"self":[{"href":"https:\/\/www.elektradata.com\/en\/wp-json\/wp\/v2\/product\/13464"}],"collection":[{"href":"https:\/\/www.elektradata.com\/en\/wp-json\/wp\/v2\/product"}],"about":[{"href":"https:\/\/www.elektradata.com\/en\/wp-json\/wp\/v2\/types\/product"}],"replies":[{"embeddable":true,"href":"https:\/\/www.elektradata.com\/en\/wp-json\/wp\/v2\/comments?post=13464"}],"wp:featuredmedia":[{"embeddable":true,"href":"https:\/\/www.elektradata.com\/en\/wp-json\/wp\/v2\/media\/13465"}],"wp:attachment":[{"href":"https:\/\/www.elektradata.com\/en\/wp-json\/wp\/v2\/media?parent=13464"}],"curies":[{"name":"wp","href":"https:\/\/api.w.org\/{rel}","templated":true}]}}