{"id":13462,"date":"2017-03-29T13:18:58","date_gmt":"2017-03-29T13:18:58","guid":{"rendered":"http:\/\/www.elektradata.com\/?post_type=product&#038;p=13462"},"modified":"2017-03-29T13:18:58","modified_gmt":"2017-03-29T13:18:58","slug":"cisco-1941-router-cisco1941k9","status":"publish","type":"product","link":"https:\/\/www.elektradata.com\/en\/urun\/cisco-1941-router-cisco1941k9\/","title":{"rendered":"Cisco 1941 Router CISCO1941\/K9"},"content":{"rendered":"<ul>\n<li><b>\u00dcr\u00fcn A\u00e7\u0131klamas\u0131<\/b>: Cisco 1941 Router<\/li>\n<li><strong>\u00dcr\u00fcn Kodu<\/strong>: CISCO1941\/K9<\/li>\n<li><b>Cihaz Tipi<\/b>: 1900\u00a0Serisi Router<\/li>\n<li><strong>Muhafaza Bi\u00e7imi<\/strong>: Rafa monte 1U, Desktop<\/li>\n<li><b>\u00d6zellikler:<\/b>\u00a0Cisco 1941 Router w\/2 Gigabit Ethernet, 2 EHWIC slots, 256MB CF, 512MB DRAM, IPSec VPN, L2TP VPN, PPTP VPN, Type A ve B USB port<\/li>\n<\/ul>\n","protected":false},"excerpt":{"rendered":"<p>\u00dcr\u00fcn A\u00e7\u0131klamas\u0131: Cisco 1941 Router \u00dcr\u00fcn Kodu: CISCO1941\/K9 Cihaz Tipi: 1900\u00a0Serisi Router Muhafaza [&hellip;]<\/p>\n","protected":false},"featured_media":13463,"comment_status":"open","ping_status":"closed","template":"","meta":{"_monsterinsights_skip_tracking":false,"_monsterinsights_sitenote_active":false,"_monsterinsights_sitenote_note":"","_monsterinsights_sitenote_category":0},"aioseo_notices":[],"_links":{"self":[{"href":"https:\/\/www.elektradata.com\/en\/wp-json\/wp\/v2\/product\/13462"}],"collection":[{"href":"https:\/\/www.elektradata.com\/en\/wp-json\/wp\/v2\/product"}],"about":[{"href":"https:\/\/www.elektradata.com\/en\/wp-json\/wp\/v2\/types\/product"}],"replies":[{"embeddable":true,"href":"https:\/\/www.elektradata.com\/en\/wp-json\/wp\/v2\/comments?post=13462"}],"wp:featuredmedia":[{"embeddable":true,"href":"https:\/\/www.elektradata.com\/en\/wp-json\/wp\/v2\/media\/13463"}],"wp:attachment":[{"href":"https:\/\/www.elektradata.com\/en\/wp-json\/wp\/v2\/media?parent=13462"}],"curies":[{"name":"wp","href":"https:\/\/api.w.org\/{rel}","templated":true}]}}