{"id":13456,"date":"2017-03-29T10:34:04","date_gmt":"2017-03-29T10:34:04","guid":{"rendered":"http:\/\/www.elektradata.com\/?post_type=product&#038;p=13456"},"modified":"2017-03-29T11:42:12","modified_gmt":"2017-03-29T11:42:12","slug":"cisco-cisco1921-seck9-guvenlik-lisansli-1921-router","status":"publish","type":"product","link":"https:\/\/www.elektradata.com\/en\/urun\/cisco-cisco1921-seck9-guvenlik-lisansli-1921-router\/","title":{"rendered":"Cisco CISCO1921-SEC\/K9 G\u00fcvenlik Lisansl\u0131 1921 Router"},"content":{"rendered":"<ul>\n<li><b>\u00dcr\u00fcn A\u00e7\u0131klamas\u0131<\/b>: Cisco 1921 G\u00fcvenlik Lisansl\u0131 1900 Serisi Router<\/li>\n<li><strong>\u00dcr\u00fcn Kodu<\/strong>: CISCO1921-SEC\/K9<\/li>\n<li><b>Cihaz Tipi<\/b>: 1900\u00a0Serisi Router<\/li>\n<li><strong>Muhafaza Bi\u00e7imi<\/strong>: Rafa monte 1U<\/li>\n<li><b>\u00d6zellikler:<\/b>\u00a0K9 Security bundle, 2 adet Gigabit Ethernet Port, Kablolu ve Kablosuz ba\u011flant\u0131, Type A ve B USB portu<\/li>\n<\/ul>\n","protected":false},"excerpt":{"rendered":"<p>\u00dcr\u00fcn A\u00e7\u0131klamas\u0131: Cisco 1921 G\u00fcvenlik Lisansl\u0131 1900 Serisi Router \u00dcr\u00fcn Kodu: CISCO1921-SEC\/K9 Cihaz [&hellip;]<\/p>\n","protected":false},"featured_media":13458,"comment_status":"open","ping_status":"closed","template":"","meta":{"_monsterinsights_skip_tracking":false,"_monsterinsights_sitenote_active":false,"_monsterinsights_sitenote_note":"","_monsterinsights_sitenote_category":0},"aioseo_notices":[],"_links":{"self":[{"href":"https:\/\/www.elektradata.com\/en\/wp-json\/wp\/v2\/product\/13456"}],"collection":[{"href":"https:\/\/www.elektradata.com\/en\/wp-json\/wp\/v2\/product"}],"about":[{"href":"https:\/\/www.elektradata.com\/en\/wp-json\/wp\/v2\/types\/product"}],"replies":[{"embeddable":true,"href":"https:\/\/www.elektradata.com\/en\/wp-json\/wp\/v2\/comments?post=13456"}],"wp:featuredmedia":[{"embeddable":true,"href":"https:\/\/www.elektradata.com\/en\/wp-json\/wp\/v2\/media\/13458"}],"wp:attachment":[{"href":"https:\/\/www.elektradata.com\/en\/wp-json\/wp\/v2\/media?parent=13456"}],"curies":[{"name":"wp","href":"https:\/\/api.w.org\/{rel}","templated":true}]}}