{"id":13453,"date":"2017-03-28T13:10:50","date_gmt":"2017-03-28T13:10:50","guid":{"rendered":"http:\/\/www.elektradata.com\/?post_type=product&#038;p=13453"},"modified":"2017-04-05T06:43:05","modified_gmt":"2017-04-05T06:43:05","slug":"cisco-sg350xg-24t-k9-10-gigabit-ethernet-switch","status":"publish","type":"product","link":"https:\/\/www.elektradata.com\/en\/urun\/cisco-sg350xg-24t-k9-10-gigabit-ethernet-switch\/","title":{"rendered":"Cisco SG350XG-24T-K9 10 Gigabit Ethernet Switch"},"content":{"rendered":"<ul>\n<li><b>\u00dcr\u00fcn A\u00e7\u0131klamas\u0131<\/b>: Cisco Small Business 350x Serisi 24 Portlu Y\u00f6netilebilir Switch<\/li>\n<li><strong>\u00dcr\u00fcn Kodu<\/strong>:\u00a0SG350XG-24T ,\u00a0SG350XG-24T-K9<\/li>\n<li><b>Cihaz Tipi<\/b>: Y\u00f6netilebilir Switch<\/li>\n<li><strong>Muhafaza Bi\u00e7imi<\/strong>: Rafa monte 1U, Desktop<\/li>\n<li><b>\u00d6zellikler:<\/b>\u00a022 adet\u00a010GBase-T portu, 2 adet combo 10 Gigabit SFP+ Portu<\/li>\n<\/ul>\n","protected":false},"excerpt":{"rendered":"<p>\u00dcr\u00fcn A\u00e7\u0131klamas\u0131: Cisco Small Business 350x Serisi 24 Portlu Y\u00f6netilebilir Switch \u00dcr\u00fcn Kodu:\u00a0SG350XG-24T [&hellip;]<\/p>\n","protected":false},"featured_media":13454,"comment_status":"open","ping_status":"closed","template":"","meta":{"_monsterinsights_skip_tracking":false,"_monsterinsights_sitenote_active":false,"_monsterinsights_sitenote_note":"","_monsterinsights_sitenote_category":0},"aioseo_notices":[],"_links":{"self":[{"href":"https:\/\/www.elektradata.com\/en\/wp-json\/wp\/v2\/product\/13453"}],"collection":[{"href":"https:\/\/www.elektradata.com\/en\/wp-json\/wp\/v2\/product"}],"about":[{"href":"https:\/\/www.elektradata.com\/en\/wp-json\/wp\/v2\/types\/product"}],"replies":[{"embeddable":true,"href":"https:\/\/www.elektradata.com\/en\/wp-json\/wp\/v2\/comments?post=13453"}],"wp:featuredmedia":[{"embeddable":true,"href":"https:\/\/www.elektradata.com\/en\/wp-json\/wp\/v2\/media\/13454"}],"wp:attachment":[{"href":"https:\/\/www.elektradata.com\/en\/wp-json\/wp\/v2\/media?parent=13453"}],"curies":[{"name":"wp","href":"https:\/\/api.w.org\/{rel}","templated":true}]}}