{"id":13442,"date":"2017-03-24T06:27:05","date_gmt":"2017-03-24T06:27:05","guid":{"rendered":"http:\/\/www.elektradata.com\/?post_type=product&#038;p=13442"},"modified":"2017-04-12T13:30:25","modified_gmt":"2017-04-12T13:30:25","slug":"cisco-catalyst-ws-c3650-48fq-l-48-4-port-full-poe-switch","status":"publish","type":"product","link":"https:\/\/www.elektradata.com\/en\/urun\/cisco-catalyst-ws-c3650-48fq-l-48-4-port-full-poe-switch\/","title":{"rendered":"Cisco Catalyst WS-C3650-48FQ-L 48+4 Port Full PoE Switch"},"content":{"rendered":"<ul>\n<li><b>\u00dcr\u00fcn A\u00e7\u0131klamas\u0131<\/b>: Cisco Catalyst 3650-48FQ-L 48-port Gigabit\u00a0PoE+ 4-port 10 Gigabit SFP+ uplink 3650 Serisi Switch \u2013 LAN\u00a0Base feature set<\/li>\n<li><strong>\u00dcr\u00fcn Kodu<\/strong>:\u00a0WS-C3650-48FQ-L<\/li>\n<li><b>Cihaz Tipi<\/b>: Cisco Catalyst 3650 Serisi Layer 3 48 Portlu Switch<\/li>\n<li><strong>Muhafaza Bi\u00e7imi<\/strong>: Rafa monte 1U, Desktop<\/li>\n<li><b>Ba\u011flant\u0131 Noktalar\u0131<\/b>: 48 x 10\/100\/1000 GE (PoE+) + 4\u00a0x 10 Gigabit SFP+ (uplink)<\/li>\n<li><b>Ethernet \u00dczerinden G\u00fc\u00e7 (PoE)<\/b>: Full PoE+ (775W kapasite)<\/li>\n<li><strong>Performans Kapasitesi<\/strong>: 176\u00a0Gbps Switching Kapasitesi, 130.95 Mbps Forwarding Kapasitesi, 32K MAC tablosu<\/li>\n<li><b>Teknik \u00d6zellikler<\/b>: 1025WAC power supply, Layer 2 switching, ARP deste\u011fi, trunking, VLAN deste\u011fi, IGMP snooping, Rapid Spanning Tree Protocol (RSTP) deste\u011fi, Multiple Spanning Tree Protocol (MSTP) deste\u011fi, DHCP snooping, Port Aggregation Protocol (PAgP) deste\u011fi, Access Control List (ACL) deste\u011fi, Quality of Service (QoS), RADIUS deste\u011fi, MLD snooping, Dynamic ARP Inspection (DAI), Uni-Directional Link Detection (UDLD), Rapid Per-VLAN Spanning Tree Plus (PVRST+), Link Aggregation Control Protocol (LACP), Remote Switch Port Analyzer (RSPAN), Energy Efficient Ethernet<\/li>\n<\/ul>\n","protected":false},"excerpt":{"rendered":"<p>\u00dcr\u00fcn A\u00e7\u0131klamas\u0131: Cisco Catalyst 3650-48FQ-L 48-port Gigabit\u00a0PoE+ 4-port 10 Gigabit SFP+ uplink 3650 [&hellip;]<\/p>\n","protected":false},"featured_media":13753,"comment_status":"open","ping_status":"closed","template":"","meta":{"_monsterinsights_skip_tracking":false,"_monsterinsights_sitenote_active":false,"_monsterinsights_sitenote_note":"","_monsterinsights_sitenote_category":0},"aioseo_notices":[],"_links":{"self":[{"href":"https:\/\/www.elektradata.com\/en\/wp-json\/wp\/v2\/product\/13442"}],"collection":[{"href":"https:\/\/www.elektradata.com\/en\/wp-json\/wp\/v2\/product"}],"about":[{"href":"https:\/\/www.elektradata.com\/en\/wp-json\/wp\/v2\/types\/product"}],"replies":[{"embeddable":true,"href":"https:\/\/www.elektradata.com\/en\/wp-json\/wp\/v2\/comments?post=13442"}],"wp:featuredmedia":[{"embeddable":true,"href":"https:\/\/www.elektradata.com\/en\/wp-json\/wp\/v2\/media\/13753"}],"wp:attachment":[{"href":"https:\/\/www.elektradata.com\/en\/wp-json\/wp\/v2\/media?parent=13442"}],"curies":[{"name":"wp","href":"https:\/\/api.w.org\/{rel}","templated":true}]}}