{"id":13440,"date":"2017-03-23T16:29:28","date_gmt":"2017-03-23T13:29:28","guid":{"rendered":"http:\/\/www.elektradata.com\/?post_type=product&#038;p=13440"},"modified":"2017-10-17T11:14:49","modified_gmt":"2017-10-17T08:14:49","slug":"cisco-xfp10glr-192sr-l-duplex-xfp-transceiver","status":"publish","type":"product","link":"https:\/\/www.elektradata.com\/en\/urun\/cisco-xfp10glr-192sr-l-duplex-xfp-transceiver\/","title":{"rendered":"Cisco XFP10GLR-192SR-L Duplex XFP Transceiver"},"content":{"rendered":"<ul>\n<li><b>\u00dcr\u00fcn A\u00e7\u0131klamas\u0131<\/b>: Cisco Duplex XFP Transceiver<\/li>\n<li><strong>\u00dcr\u00fcn Kodu<\/strong>:\u00a0XFP10GLR-192SR-L<\/li>\n<li><b>Cihaz Tipi<\/b>:\u00a0XFP Transceiver<\/li>\n<li><b>Teknik \u00d6zellikler<\/b>:\n<ul>\n<li>Cisco 10GBASE-LR\/LW Ethernet XFP<\/li>\n<li>10Gbps ile 2 km&#8217;ye kadar iletim<\/li>\n<li>0\u00b0 &#8211; 70\u00b0C aras\u0131 \u00e7al\u0131\u015fma s\u0131cakl\u0131\u011f\u0131<\/li>\n<li>SFF-8724 Digital optical monitoring<\/li>\n<li>XFP LC portlar\u0131 i\u00e7in Hot-swappable \u00f6zelli\u011fi<\/li>\n<li>XFP MSA &amp; IEEE 802.3ae<\/li>\n<\/ul>\n<\/li>\n<\/ul>\n","protected":false},"excerpt":{"rendered":"<p>\u00dcr\u00fcn A\u00e7\u0131klamas\u0131: Cisco Duplex XFP Transceiver \u00dcr\u00fcn Kodu:\u00a0XFP10GLR-192SR-L Cihaz Tipi:\u00a0XFP Transceiver Teknik \u00d6zellikler: [&hellip;]<\/p>\n","protected":false},"featured_media":13441,"comment_status":"open","ping_status":"closed","template":"","meta":{"_monsterinsights_skip_tracking":false,"_monsterinsights_sitenote_active":false,"_monsterinsights_sitenote_note":"","_monsterinsights_sitenote_category":0},"aioseo_notices":[],"_links":{"self":[{"href":"https:\/\/www.elektradata.com\/en\/wp-json\/wp\/v2\/product\/13440"}],"collection":[{"href":"https:\/\/www.elektradata.com\/en\/wp-json\/wp\/v2\/product"}],"about":[{"href":"https:\/\/www.elektradata.com\/en\/wp-json\/wp\/v2\/types\/product"}],"replies":[{"embeddable":true,"href":"https:\/\/www.elektradata.com\/en\/wp-json\/wp\/v2\/comments?post=13440"}],"wp:featuredmedia":[{"embeddable":true,"href":"https:\/\/www.elektradata.com\/en\/wp-json\/wp\/v2\/media\/13441"}],"wp:attachment":[{"href":"https:\/\/www.elektradata.com\/en\/wp-json\/wp\/v2\/media?parent=13440"}],"curies":[{"name":"wp","href":"https:\/\/api.w.org\/{rel}","templated":true}]}}