{"id":13438,"date":"2017-03-23T12:55:35","date_gmt":"2017-03-23T12:55:35","guid":{"rendered":"http:\/\/www.elektradata.com\/?post_type=product&#038;p=13438"},"modified":"2017-04-13T14:05:13","modified_gmt":"2017-04-13T14:05:13","slug":"cisco-ws-c3650-48ts-l-switch","status":"publish","type":"product","link":"https:\/\/www.elektradata.com\/en\/urun\/cisco-ws-c3650-48ts-l-switch\/","title":{"rendered":"Cisco Catalyst WS-C3650-48TS-L 48+4 port Switch"},"content":{"rendered":"<ul>\n<li><b>\u00dcr\u00fcn A\u00e7\u0131klamas\u0131<\/b>: Cisco Catalyst\u00a03650-48TS-L 3650 Serisi 48 Portlu 4x1G SFP Layer 3 Switch, LAN Base feature set<\/li>\n<li><strong>\u00dcr\u00fcn Kodu<\/strong>:\u00a0WS-C3650-48TS-L<\/li>\n<li><b>Cihaz Tipi<\/b>: Layer 3 Switch, istiflenebilir\u00a0 48x 10\/100\/1000 Ethernet ve 4x1G Uplink port, 250WAC power supply<\/li>\n<li><b>Muhafaza Bi\u00e7imi<\/b><span style=\"font-weight: 400;\">: Rafa monte 1U, Desktop<\/span><\/li>\n<li><b>Ba\u011flant\u0131 Noktalar\u0131<\/b>: 48 x 10\/100\/1000 GE + 4\u00a0x 1 Gigabit SFP (uplink)<\/li>\n<li><strong>Performans Kapasitesi<\/strong>: 176\u00a0Gbps Switching Kapasitesi, 77.37 Mbps Forwarding kapasitesi,\u00a032K MAC tablosu<\/li>\n<li><b>Teknik \u00d6zellikler<\/b>: 250 WAC power supply, Layer 2 switching, ARP deste\u011fi, Access Control List (ACL) deste\u011fi, trunking, VLAN deste\u011fi, DHCP snooping, IPv6 deste\u011fi, IGMP snooping, Dynamic ARP Inspection (DAI), EIGRP Stub y\u00f6nlendirme, Energy Efficient Ethernet, Flexible NetFlow (FNF), Link Aggregation Control Protocol (LACP), Multiple Spanning Tree Protocol (MSTP) deste\u011fi, MLD snooping, Port Aggregation Protocol (PAgP) deste\u011fi, Rapid Spanning Tree Protocol (RSTP) deste\u011fi, \u00a0 Quality of Service (QoS), RADIUS deste\u011fi, Rapid Per-VLAN Spanning Tree Plus (PVRST+), Remote Switch Port Analyzer (RSPAN), Uni-Directional Link Detection (UDLD)<\/li>\n<\/ul>\n","protected":false},"excerpt":{"rendered":"<p>\u00dcr\u00fcn A\u00e7\u0131klamas\u0131: Cisco Catalyst\u00a03650-48TS-L 3650 Serisi 48 Portlu 4x1G SFP Layer 3 Switch, [&hellip;]<\/p>\n","protected":false},"featured_media":13757,"comment_status":"open","ping_status":"closed","template":"","meta":{"_monsterinsights_skip_tracking":false,"_monsterinsights_sitenote_active":false,"_monsterinsights_sitenote_note":"","_monsterinsights_sitenote_category":0},"aioseo_notices":[],"_links":{"self":[{"href":"https:\/\/www.elektradata.com\/en\/wp-json\/wp\/v2\/product\/13438"}],"collection":[{"href":"https:\/\/www.elektradata.com\/en\/wp-json\/wp\/v2\/product"}],"about":[{"href":"https:\/\/www.elektradata.com\/en\/wp-json\/wp\/v2\/types\/product"}],"replies":[{"embeddable":true,"href":"https:\/\/www.elektradata.com\/en\/wp-json\/wp\/v2\/comments?post=13438"}],"wp:featuredmedia":[{"embeddable":true,"href":"https:\/\/www.elektradata.com\/en\/wp-json\/wp\/v2\/media\/13757"}],"wp:attachment":[{"href":"https:\/\/www.elektradata.com\/en\/wp-json\/wp\/v2\/media?parent=13438"}],"curies":[{"name":"wp","href":"https:\/\/api.w.org\/{rel}","templated":true}]}}