{"id":13436,"date":"2017-03-23T11:54:48","date_gmt":"2017-03-23T11:54:48","guid":{"rendered":"http:\/\/www.elektradata.com\/?post_type=product&#038;p=13436"},"modified":"2017-04-17T08:16:10","modified_gmt":"2017-04-17T08:16:10","slug":"cisco-ws-c3750x-12s-e-switch","status":"publish","type":"product","link":"https:\/\/www.elektradata.com\/en\/urun\/cisco-ws-c3750x-12s-e-switch\/","title":{"rendered":"Cisco Catalyst WS-C3750X-12S-E 12-port GE SFP Switch"},"content":{"rendered":"<ul>\n<li><b>\u00dcr\u00fcn A\u00e7\u0131klamas\u0131<\/b>: Cisco 3750X-12S-E 12-port Gigabit SFP\u00a0port 3750-X Serisi Switch &#8211; IP Services \u00f6zellik seti<\/li>\n<li><strong>\u00dcr\u00fcn Kodu<\/strong>:\u00a0WS-C3750X-12S-E<\/li>\n<li><b>Cihaz Tipi<\/b>: Switch &#8211; 12\u00a0port &#8211; L3 &#8211; managed\/y\u00f6netilebilir &#8211; istiflenebilir\/stackable &#8211; hot swap mod\u00fcl deste\u011fi &#8211; mod\u00fcler fan ve g\u00fc\u00e7 kayna\u011f\u0131<\/li>\n<li><strong>Muhafaza Bi\u00e7imi<\/strong>: Rafa monte 1U, Desktop<\/li>\n<li><b>Ba\u011flant\u0131 Noktalar\u0131<\/b>: 12\u00a0x Gigabit Ethernet SFP Port<\/li>\n<li><strong>Performans Kapasitesi<\/strong>: 160\u00a0Gbps Switching Kapasitesi, 35.7\u00a0Mbps Forwarding kapasitesi<\/li>\n<li><b>\u00d6zellikler:<\/b>\u00a0350 WAC g\u00fc\u00e7 kayna\u011f\u0131, yedekli g\u00fc\u00e7 kayna\u011f\u0131 deste\u011fi (opsiyonel), SFP uplink mod\u00fcler a\u011f kart\u0131 deste\u011fi, Media Access Control Security (MACSec) donan\u0131m tabanl\u0131 \u015fifreleme, Cisco StackPower teknolojisi, Cisco StackWise Plus teknolojisi, eri\u015fim kontrol listesi (ACL) deste\u011fi, ARP deste\u011fi, Auto-negotiation, Auto-uplink (auto MDI\/MDI-X), Broadcast Storm Control, DHCP snooping, DHCP deste\u011fi, Dynamic ARP Inspection (DAI), dinamik IP adres atamas\u0131, Dynamic Trunking Protocol (DTP) deste\u011fi, High Availability, IGMP snooping, Jumbo Frames deste\u011fi, Layer 2 switching, Link Aggregation Control Protocol (LACP), MLD snooping, Multicast Storm Control, Per-VLAN Spanning Tree Plus (PVST+), Port Aggregation Protocol (PAgP) deste\u011fi, Quality of Service (QoS), Rapid Spanning Tree Protocol (RSTP) deste\u011fi, Remote Switch Port Analyzer (RSPAN), Shaped Round Robin (SRR), Syslog deste\u011fi, Traffic shaping, Trivial File Transfer Protocol (TFTP) deste\u011fi, trunking, Uni-Directional Link Detection (UDLD), Unicast Storm Control, Virtual Route Forwarding-Lite (VRF-Lite), VLAN\u00a0deste\u011fi<\/li>\n<\/ul>\n","protected":false},"excerpt":{"rendered":"<p>\u00dcr\u00fcn A\u00e7\u0131klamas\u0131: Cisco 3750X-12S-E 12-port Gigabit SFP\u00a0port 3750-X Serisi Switch &#8211; IP Services [&hellip;]<\/p>\n","protected":false},"featured_media":13861,"comment_status":"open","ping_status":"closed","template":"","meta":{"_monsterinsights_skip_tracking":false,"_monsterinsights_sitenote_active":false,"_monsterinsights_sitenote_note":"","_monsterinsights_sitenote_category":0},"aioseo_notices":[],"_links":{"self":[{"href":"https:\/\/www.elektradata.com\/en\/wp-json\/wp\/v2\/product\/13436"}],"collection":[{"href":"https:\/\/www.elektradata.com\/en\/wp-json\/wp\/v2\/product"}],"about":[{"href":"https:\/\/www.elektradata.com\/en\/wp-json\/wp\/v2\/types\/product"}],"replies":[{"embeddable":true,"href":"https:\/\/www.elektradata.com\/en\/wp-json\/wp\/v2\/comments?post=13436"}],"wp:featuredmedia":[{"embeddable":true,"href":"https:\/\/www.elektradata.com\/en\/wp-json\/wp\/v2\/media\/13861"}],"wp:attachment":[{"href":"https:\/\/www.elektradata.com\/en\/wp-json\/wp\/v2\/media?parent=13436"}],"curies":[{"name":"wp","href":"https:\/\/api.w.org\/{rel}","templated":true}]}}