{"id":13434,"date":"2017-03-23T10:39:31","date_gmt":"2017-03-23T10:39:31","guid":{"rendered":"http:\/\/www.elektradata.com\/?post_type=product&#038;p=13434"},"modified":"2017-03-28T08:42:06","modified_gmt":"2017-03-28T08:42:06","slug":"cisco-asr1001-x-router","status":"publish","type":"product","link":"https:\/\/www.elektradata.com\/en\/urun\/cisco-asr1001-x-router\/","title":{"rendered":"Cisco ASR1001-X Router"},"content":{"rendered":"<ul>\n<li><b>\u00dcr\u00fcn A\u00e7\u0131klamas\u0131<\/b>: Cisco ASR 1000 Serisi Router<\/li>\n<li><strong>\u00dcr\u00fcn Kodu<\/strong>:\u00a0ASR1001-X<\/li>\n<li><b>Cihaz Tipi<\/b>:\u00a0Router<\/li>\n<li><b>Kullan\u0131m Alan\u0131:\u00a0<\/b>\u00a0Kurumsal m\u00fc\u015fteriler ve servis sa\u011flay\u0131c\u0131lar i\u00e7in Cisco ASR serisi ASR1001-x\u00a0Router<\/li>\n<\/ul>\n","protected":false},"excerpt":{"rendered":"<p>\u00dcr\u00fcn A\u00e7\u0131klamas\u0131: Cisco ASR 1000 Serisi Router \u00dcr\u00fcn Kodu:\u00a0ASR1001-X Cihaz Tipi:\u00a0Router Kullan\u0131m Alan\u0131:\u00a0\u00a0Kurumsal [&hellip;]<\/p>\n","protected":false},"featured_media":13435,"comment_status":"open","ping_status":"closed","template":"","meta":{"_monsterinsights_skip_tracking":false,"_monsterinsights_sitenote_active":false,"_monsterinsights_sitenote_note":"","_monsterinsights_sitenote_category":0},"aioseo_notices":[],"_links":{"self":[{"href":"https:\/\/www.elektradata.com\/en\/wp-json\/wp\/v2\/product\/13434"}],"collection":[{"href":"https:\/\/www.elektradata.com\/en\/wp-json\/wp\/v2\/product"}],"about":[{"href":"https:\/\/www.elektradata.com\/en\/wp-json\/wp\/v2\/types\/product"}],"replies":[{"embeddable":true,"href":"https:\/\/www.elektradata.com\/en\/wp-json\/wp\/v2\/comments?post=13434"}],"wp:featuredmedia":[{"embeddable":true,"href":"https:\/\/www.elektradata.com\/en\/wp-json\/wp\/v2\/media\/13435"}],"wp:attachment":[{"href":"https:\/\/www.elektradata.com\/en\/wp-json\/wp\/v2\/media?parent=13434"}],"curies":[{"name":"wp","href":"https:\/\/api.w.org\/{rel}","templated":true}]}}