{"id":13430,"date":"2017-03-23T10:17:25","date_gmt":"2017-03-23T10:17:25","guid":{"rendered":"http:\/\/www.elektradata.com\/?post_type=product&#038;p=13430"},"modified":"2017-03-28T08:31:02","modified_gmt":"2017-03-28T08:31:02","slug":"cisco-asa-ic-6ge-cu-b-asa-5525-x-icin-arayuz-karti","status":"publish","type":"product","link":"https:\/\/www.elektradata.com\/en\/urun\/cisco-asa-ic-6ge-cu-b-asa-5525-x-icin-arayuz-karti\/","title":{"rendered":"Cisco ASA-IC-6GE-CU-B ASA 5525-X i\u00e7in Aray\u00fcz Kart\u0131"},"content":{"rendered":"<ul>\n<li><b>\u00dcr\u00fcn A\u00e7\u0131klamas\u0131<\/b>: Cisco 6 Adet Gigabit Ethernet Portlu A\u011f Aray\u00fcz Kart\u0131<\/li>\n<li><strong>\u00dcr\u00fcn Kodu<\/strong>:\u00a0ASA-IC-6GE-CU-B<\/li>\n<li><b>Cihaz Tipi<\/b>: A\u011f Aray\u00fcz Kart\u0131<\/li>\n<li><b>Uyumluluk:<\/b>\u00a0Cisco\u00a0ASA 5525-X<\/li>\n<\/ul>\n","protected":false},"excerpt":{"rendered":"<p>\u00dcr\u00fcn A\u00e7\u0131klamas\u0131: Cisco 6 Adet Gigabit Ethernet Portlu A\u011f Aray\u00fcz Kart\u0131 \u00dcr\u00fcn Kodu:\u00a0ASA-IC-6GE-CU-B [&hellip;]<\/p>\n","protected":false},"featured_media":13433,"comment_status":"open","ping_status":"closed","template":"","meta":{"_monsterinsights_skip_tracking":false,"_monsterinsights_sitenote_active":false,"_monsterinsights_sitenote_note":"","_monsterinsights_sitenote_category":0},"aioseo_notices":[],"_links":{"self":[{"href":"https:\/\/www.elektradata.com\/en\/wp-json\/wp\/v2\/product\/13430"}],"collection":[{"href":"https:\/\/www.elektradata.com\/en\/wp-json\/wp\/v2\/product"}],"about":[{"href":"https:\/\/www.elektradata.com\/en\/wp-json\/wp\/v2\/types\/product"}],"replies":[{"embeddable":true,"href":"https:\/\/www.elektradata.com\/en\/wp-json\/wp\/v2\/comments?post=13430"}],"wp:featuredmedia":[{"embeddable":true,"href":"https:\/\/www.elektradata.com\/en\/wp-json\/wp\/v2\/media\/13433"}],"wp:attachment":[{"href":"https:\/\/www.elektradata.com\/en\/wp-json\/wp\/v2\/media?parent=13430"}],"curies":[{"name":"wp","href":"https:\/\/api.w.org\/{rel}","templated":true}]}}