{"id":13427,"date":"2017-03-22T12:06:52","date_gmt":"2017-03-22T12:06:52","guid":{"rendered":"http:\/\/www.elektradata.com\/?post_type=product&#038;p=13427"},"modified":"2017-03-28T12:16:25","modified_gmt":"2017-03-28T12:16:25","slug":"cisco-pa-mc-stm-1smi-coklu-kanal-adaptoru","status":"publish","type":"product","link":"https:\/\/www.elektradata.com\/en\/urun\/cisco-pa-mc-stm-1smi-coklu-kanal-adaptoru\/","title":{"rendered":"Cisco PA-MC-STM-1SMI \u00c7oklu Kanal Adapt\u00f6r\u00fc"},"content":{"rendered":"<ul>\n<li><b>\u00dcr\u00fcn A\u00e7\u0131klamas\u0131<\/b>: Cisco 1 Port \u00c7oklu Kanal STM-1 Tek Mod Adapt\u00f6r\u00fc<\/li>\n<li><strong>\u00dcr\u00fcn Kodu<\/strong>:\u00a0PA-MC-STM-1SMI<\/li>\n<li><b>Cihaz Tipi<\/b>:\u00a0\u00c7oklu Kanal STM-1 Port Adapt\u00f6r\u00fc<\/li>\n<li><b>Uyumluluk:<\/b>\u00a0Cisco 7600, 7500 ve 7200 Router Serileri<\/li>\n<\/ul>\n","protected":false},"excerpt":{"rendered":"<p>\u00dcr\u00fcn A\u00e7\u0131klamas\u0131: Cisco 1 Port \u00c7oklu Kanal STM-1 Tek Mod Adapt\u00f6r\u00fc \u00dcr\u00fcn Kodu:\u00a0PA-MC-STM-1SMI [&hellip;]<\/p>\n","protected":false},"featured_media":13428,"comment_status":"open","ping_status":"closed","template":"","meta":{"_monsterinsights_skip_tracking":false,"_monsterinsights_sitenote_active":false,"_monsterinsights_sitenote_note":"","_monsterinsights_sitenote_category":0},"aioseo_notices":[],"_links":{"self":[{"href":"https:\/\/www.elektradata.com\/en\/wp-json\/wp\/v2\/product\/13427"}],"collection":[{"href":"https:\/\/www.elektradata.com\/en\/wp-json\/wp\/v2\/product"}],"about":[{"href":"https:\/\/www.elektradata.com\/en\/wp-json\/wp\/v2\/types\/product"}],"replies":[{"embeddable":true,"href":"https:\/\/www.elektradata.com\/en\/wp-json\/wp\/v2\/comments?post=13427"}],"wp:featuredmedia":[{"embeddable":true,"href":"https:\/\/www.elektradata.com\/en\/wp-json\/wp\/v2\/media\/13428"}],"wp:attachment":[{"href":"https:\/\/www.elektradata.com\/en\/wp-json\/wp\/v2\/media?parent=13427"}],"curies":[{"name":"wp","href":"https:\/\/api.w.org\/{rel}","templated":true}]}}