{"id":13425,"date":"2017-03-22T11:51:18","date_gmt":"2017-03-22T11:51:18","guid":{"rendered":"http:\/\/www.elektradata.com\/?post_type=product&#038;p=13425"},"modified":"2017-03-28T08:32:06","modified_gmt":"2017-03-28T08:32:06","slug":"cisco-c4kx-nm-8sfp-catalyst-4500-x","status":"publish","type":"product","link":"https:\/\/www.elektradata.com\/en\/urun\/cisco-c4kx-nm-8sfp-catalyst-4500-x\/","title":{"rendered":"Cisco C4KX-NM-8SFP+ Catalyst 4500-X"},"content":{"rendered":"<ul>\n<li><b>\u00dcr\u00fcn A\u00e7\u0131klamas\u0131<\/b>: Cisco 8 x 10 Gigabit Ethernet Port Uplink Mod\u00fcl\u00fc<\/li>\n<li><strong>\u00dcr\u00fcn Kodu<\/strong>:\u00a0C4KX-NM-8SFP+<\/li>\n<li><b>Cihaz Tipi<\/b>: Gigabit Ethernet Uplink Mod\u00fcl\u00fc<\/li>\n<li><b>Uyumluluk<\/b>: Cisco Catalyst 4500-X<\/li>\n<\/ul>\n","protected":false},"excerpt":{"rendered":"<p>\u00dcr\u00fcn A\u00e7\u0131klamas\u0131: Cisco 8 x 10 Gigabit Ethernet Port Uplink Mod\u00fcl\u00fc \u00dcr\u00fcn Kodu:\u00a0C4KX-NM-8SFP+ [&hellip;]<\/p>\n","protected":false},"featured_media":13426,"comment_status":"open","ping_status":"closed","template":"","meta":{"_monsterinsights_skip_tracking":false,"_monsterinsights_sitenote_active":false,"_monsterinsights_sitenote_note":"","_monsterinsights_sitenote_category":0},"aioseo_notices":[],"_links":{"self":[{"href":"https:\/\/www.elektradata.com\/en\/wp-json\/wp\/v2\/product\/13425"}],"collection":[{"href":"https:\/\/www.elektradata.com\/en\/wp-json\/wp\/v2\/product"}],"about":[{"href":"https:\/\/www.elektradata.com\/en\/wp-json\/wp\/v2\/types\/product"}],"replies":[{"embeddable":true,"href":"https:\/\/www.elektradata.com\/en\/wp-json\/wp\/v2\/comments?post=13425"}],"wp:featuredmedia":[{"embeddable":true,"href":"https:\/\/www.elektradata.com\/en\/wp-json\/wp\/v2\/media\/13426"}],"wp:attachment":[{"href":"https:\/\/www.elektradata.com\/en\/wp-json\/wp\/v2\/media?parent=13425"}],"curies":[{"name":"wp","href":"https:\/\/api.w.org\/{rel}","templated":true}]}}