{"id":13423,"date":"2017-03-22T11:40:16","date_gmt":"2017-03-22T11:40:16","guid":{"rendered":"http:\/\/www.elektradata.com\/?post_type=product&#038;p=13423"},"modified":"2017-03-28T13:09:18","modified_gmt":"2017-03-28T13:09:18","slug":"cisco-asa-ic-6ge-cu-a-ag-arayuz-karti","status":"publish","type":"product","link":"https:\/\/www.elektradata.com\/en\/urun\/cisco-asa-ic-6ge-cu-a-ag-arayuz-karti\/","title":{"rendered":"Cisco ASA-IC-6GE-CU-A A\u011f Aray\u00fcz Kart\u0131"},"content":{"rendered":"<ul>\n<li><b>\u00dcr\u00fcn A\u00e7\u0131klamas\u0131<\/b>: Cisco 6 adet\u00a0Gigabit Ethernet Portlu A\u011f Aray\u00fcz Kart\u0131<\/li>\n<li><strong>\u00dcr\u00fcn Kodu<\/strong>:\u00a0ASA-IC-6GE-CU-A<\/li>\n<li><b>Cihaz Tipi<\/b>:\u00a0A\u011f Aray\u00fcz Kart\u0131<\/li>\n<li><b>Uyumluluk:\u00a0<\/b>Cisco ASA 5512-X ve ASA 5515-X cihazlar\u0131 ile uyumlu<\/li>\n<\/ul>\n","protected":false},"excerpt":{"rendered":"<p>\u00dcr\u00fcn A\u00e7\u0131klamas\u0131: Cisco 6 adet\u00a0Gigabit Ethernet Portlu A\u011f Aray\u00fcz Kart\u0131 \u00dcr\u00fcn Kodu:\u00a0ASA-IC-6GE-CU-A Cihaz [&hellip;]<\/p>\n","protected":false},"featured_media":13432,"comment_status":"open","ping_status":"closed","template":"","meta":{"_monsterinsights_skip_tracking":false,"_monsterinsights_sitenote_active":false,"_monsterinsights_sitenote_note":"","_monsterinsights_sitenote_category":0},"aioseo_notices":[],"_links":{"self":[{"href":"https:\/\/www.elektradata.com\/en\/wp-json\/wp\/v2\/product\/13423"}],"collection":[{"href":"https:\/\/www.elektradata.com\/en\/wp-json\/wp\/v2\/product"}],"about":[{"href":"https:\/\/www.elektradata.com\/en\/wp-json\/wp\/v2\/types\/product"}],"replies":[{"embeddable":true,"href":"https:\/\/www.elektradata.com\/en\/wp-json\/wp\/v2\/comments?post=13423"}],"wp:featuredmedia":[{"embeddable":true,"href":"https:\/\/www.elektradata.com\/en\/wp-json\/wp\/v2\/media\/13432"}],"wp:attachment":[{"href":"https:\/\/www.elektradata.com\/en\/wp-json\/wp\/v2\/media?parent=13423"}],"curies":[{"name":"wp","href":"https:\/\/api.w.org\/{rel}","templated":true}]}}