{"id":13420,"date":"2017-03-22T09:50:26","date_gmt":"2017-03-22T09:50:26","guid":{"rendered":"http:\/\/www.elektradata.com\/?post_type=product&#038;p=13420"},"modified":"2017-03-28T08:25:07","modified_gmt":"2017-03-28T08:25:07","slug":"cisco-sm-x-6x1g-ethernet-modulu","status":"publish","type":"product","link":"https:\/\/www.elektradata.com\/en\/urun\/cisco-sm-x-6x1g-ethernet-modulu\/","title":{"rendered":"Cisco SM-X-6X1G Ethernet Mod\u00fcl\u00fc"},"content":{"rendered":"<ul>\n<li><b>\u00dcr\u00fcn A\u00e7\u0131klamas\u0131<\/b>: 6-port Gigabit Ethernet, dual-mode GE\/SFP, SM-X Modulu<\/li>\n<li><strong>\u00dcr\u00fcn Kodu<\/strong>:\u00a0SM-X-6X1G<\/li>\n<li><b>Cihaz Tipi<\/b>: Gigabit Ethernet WAN Mod\u00fcl\u00fc<\/li>\n<li><b>\u00d6zellikler<\/b>: Auto-switchover ve auto-failover, Gelen paket s\u0131n\u0131fland\u0131rma<\/li>\n<\/ul>\n","protected":false},"excerpt":{"rendered":"<p>\u00dcr\u00fcn A\u00e7\u0131klamas\u0131: 6-port Gigabit Ethernet, dual-mode GE\/SFP, SM-X Modulu \u00dcr\u00fcn Kodu:\u00a0SM-X-6X1G Cihaz Tipi: [&hellip;]<\/p>\n","protected":false},"featured_media":13421,"comment_status":"open","ping_status":"closed","template":"","meta":{"_monsterinsights_skip_tracking":false,"_monsterinsights_sitenote_active":false,"_monsterinsights_sitenote_note":"","_monsterinsights_sitenote_category":0},"aioseo_notices":[],"_links":{"self":[{"href":"https:\/\/www.elektradata.com\/en\/wp-json\/wp\/v2\/product\/13420"}],"collection":[{"href":"https:\/\/www.elektradata.com\/en\/wp-json\/wp\/v2\/product"}],"about":[{"href":"https:\/\/www.elektradata.com\/en\/wp-json\/wp\/v2\/types\/product"}],"replies":[{"embeddable":true,"href":"https:\/\/www.elektradata.com\/en\/wp-json\/wp\/v2\/comments?post=13420"}],"wp:featuredmedia":[{"embeddable":true,"href":"https:\/\/www.elektradata.com\/en\/wp-json\/wp\/v2\/media\/13421"}],"wp:attachment":[{"href":"https:\/\/www.elektradata.com\/en\/wp-json\/wp\/v2\/media?parent=13420"}],"curies":[{"name":"wp","href":"https:\/\/api.w.org\/{rel}","templated":true}]}}