{"id":12983,"date":"2017-01-13T14:04:49","date_gmt":"2017-01-13T14:04:49","guid":{"rendered":"http:\/\/localhost\/mysite\/?page_id=12983"},"modified":"2021-05-10T15:54:21","modified_gmt":"2021-05-10T12:54:21","slug":"ana-sayfa","status":"publish","type":"page","link":"https:\/\/www.elektradata.com\/en\/","title":{"rendered":"Home Page"},"content":{"rendered":"<p><div class=\"fusion-fullwidth fullwidth-box fusion-fullwidth-2  fusion-parallax-none nonhundred-percent-fullwidth\" style=\"border-color:#eae9e9;border-bottom-width: 0px;border-top-width: 0px;border-bottom-style: solid;border-top-style: solid;padding-bottom:20px;padding-top:95px;padding-left:;padding-right:;background-color:yes;\"><style type=\"text\/css\" scoped=\"scoped\">.fusion-fullwidth-2 {\n                            padding-left: px !important;\n                            padding-right: px !important;\n                        }<\/style><div class=\"fusion-row\"><div class=\"fusion-content-boxes content-boxes columns fusion-columns-3 fusion-columns-total-3 fusion-content-boxes-4 content-boxes-icon-on-top row content-left\" data-animationOffset=\"100%\" style=\"margin-top:0px;margin-bottom:60px;\"><style type=\"text\/css\" scoped=\"scoped\">.fusion-content-boxes-4 .heading h2{color:#000000;}\n\t\t\t.fusion-content-boxes-4 .fusion-content-box-hover .link-area-link-icon-hover .heading h2,\n\t\t\t.fusion-content-boxes-4 .fusion-content-box-hover .link-area-link-icon-hover .heading .heading-link h2,\n\t\t\t.fusion-content-boxes-4 .fusion-content-box-hover .link-area-box-hover .heading h2,\n\t\t\t.fusion-content-boxes-4 .fusion-content-box-hover .link-area-box-hover .heading .heading-link h2,\n\t\t\t.fusion-content-boxes-4 .fusion-content-box-hover .link-area-link-icon-hover.link-area-box .fusion-read-more,\n\t\t\t.fusion-content-boxes-4 .fusion-content-box-hover .link-area-link-icon-hover.link-area-box .fusion-read-more::after,\n\t\t\t.fusion-content-boxes-4 .fusion-content-box-hover .link-area-link-icon-hover.link-area-box .fusion-read-more::before,\n\t\t\t.fusion-content-boxes-4 .fusion-content-box-hover .fusion-read-more:hover:after,\n\t\t\t.fusion-content-boxes-4 .fusion-content-box-hover .fusion-read-more:hover:before,\n\t\t\t.fusion-content-boxes-4 .fusion-content-box-hover .fusion-read-more:hover,\n\t\t\t.fusion-content-boxes-4 .fusion-content-box-hover .link-area-box-hover.link-area-box .fusion-read-more,\n\t\t\t.fusion-content-boxes-4 .fusion-content-box-hover .link-area-box-hover.link-area-box .fusion-read-more::after,\n\t\t\t.fusion-content-boxes-4 .fusion-content-box-hover .link-area-box-hover.link-area-box .fusion-read-more::before,\n\t\t\t.fusion-content-boxes-4 .fusion-content-box-hover .link-area-link-icon-hover .icon .circle-no,\n\t\t\t.fusion-content-boxes-4 .fusion-content-box-hover .link-area-box-hover .icon .circle-no {\n\t\t\t\tcolor: #6796bf !important;\n\t\t\t}\n\t\t\t.fusion-content-boxes-4 .fusion-content-box-hover .heading-link:hover .icon i.circle-yes,\n\t\t\t.fusion-content-boxes-4 .fusion-content-box-hover .link-area-box:hover .heading-link .icon i.circle-yes,\n\t\t\t.fusion-content-boxes-4 .fusion-content-box-hover .link-area-link-icon-hover .heading .icon i.circle-yes,\n\t\t\t.fusion-content-boxes-4 .fusion-content-box-hover .link-area-box-hover .heading .icon i.circle-yes {\n\t\t\t\tbackground-color: #6796bf !important;\n\t\t\t\tborder-color: #6796bf !important;\n\t\t\t}<\/style><div class=\"fusion-column content-box-column content-box-column-1 col-lg-4 col-md-4 col-sm-4 fusion-content-box-hover content-box-column-first-in-row\"><div class=\"col content-wrapper link-area-link-icon link-type-text icon-hover-animation-fade\" style=\"background-color:rgba(255,255,255,0);\"><div class=\"heading heading-with-icon icon-left\"><a class=\"heading-link\" href=\"https:\/\/www.elektradata.com\/en\/kategori\/ag-urunleri\/switch\/\" target=\"_self\"><div class=\"image\"><img src=\"https:\/\/www.elektradata.com\/images\/switch-2.jpg\" width=\"133\" height=\"133\" alt=\"network-switch-ag-anahtar-\u00fcr\u00fcnleri\" \/><\/div><h2 class=\"content-box-heading\" style=\"font-size: 18px;line-height:23px;\">Switch<\/h2><\/a><\/div><div class=\"fusion-clearfix\"><\/div><div class=\"content-container\" style=\"color:#747474;\">You may order switch products with ElektraData warranty and assurance.<\/p>\n<div class=\"fusion-column content-box-column content-box-column-3 col-lg-4 col-md-4 col-sm-4 fusion-content-box-hover content-box-column-last content-box-column-last-in-row\">\n<div class=\"col content-wrapper link-area-link-icon link-type-text icon-hover-animation-fade\">\n<div class=\"heading heading-with-icon icon-left\"><\/div>\n<\/div>\n<\/div>\n<\/div><\/div><\/div><div class=\"fusion-column content-box-column content-box-column-2 col-lg-4 col-md-4 col-sm-4 fusion-content-box-hover\"><div class=\"col content-wrapper link-area-link-icon link-type-text icon-hover-animation-fade\" style=\"background-color:rgba(255,255,255,0);\"><div class=\"heading heading-with-icon icon-left\"><a class=\"heading-link\" href=\"https:\/\/www.elektradata.com\/en\/kategori\/ag-urunleri\/router\/\" target=\"_self\"><div class=\"image\"><img src=\"https:\/\/www.elektradata.com\/images\/router-2.jpg\" width=\"133\" height=\"133\" alt=\"network-router-y\u00f6nlendirici-\u00fcr\u00fcnleri\" \/><\/div><h2 class=\"content-box-heading\" style=\"font-size: 18px;line-height:23px;\">Router<\/h2><\/a><\/div><div class=\"fusion-clearfix\"><\/div><div class=\"content-container\" style=\"color:#747474;\">You may order router products with ElektraData warranty and assurance.<\/div><\/div><\/div><div class=\"fusion-column content-box-column content-box-column-3 col-lg-4 col-md-4 col-sm-4 fusion-content-box-hover content-box-column-last content-box-column-last-in-row\"><div class=\"col content-wrapper link-area-link-icon link-type-text icon-hover-animation-fade\" style=\"background-color:rgba(255,255,255,0);\"><div class=\"heading heading-with-icon icon-left\"><a class=\"heading-link\" href=\"https:\/\/www.elektradata.com\/en\/kategori\/ag-urunleri\/ag-arayuz-kartlari\/\" target=\"_self\"><div class=\"image\"><img src=\"https:\/\/www.elektradata.com\/images\/interface-cards-1.jpg\" width=\"133\" height=\"133\" alt=\"network-interface-cards-pci\" \/><\/div><h2 class=\"content-box-heading\" style=\"font-size: 18px;line-height:23px;\">Network Interface Card<\/h2><\/a><\/div><div class=\"fusion-clearfix\"><\/div><div class=\"content-container\" style=\"color:#747474;\">All high quality network interface cards compatible with your device is at ElektraData.<\/div><\/div><\/div><div class=\"fusion-clearfix\"><\/div><div class=\"fusion-clearfix\"><\/div><\/div><div class=\"fusion-sep-clear\"><\/div><div class=\"fusion-separator fusion-full-width-sep sep-none\" style=\"border-color:#e0dede;margin-left: auto;margin-right: auto;margin-top:-15px;margin-bottom:-15px;\"><\/div><div class=\"fusion-content-boxes content-boxes columns fusion-columns-3 fusion-columns-total-3 fusion-content-boxes-5 content-boxes-icon-on-top row content-left\" data-animationOffset=\"100%\" style=\"margin-top:0px;margin-bottom:60px;\"><style type=\"text\/css\" scoped=\"scoped\">.fusion-content-boxes-5 .heading h2{color:#000000;}\n\t\t\t.fusion-content-boxes-5 .fusion-content-box-hover .link-area-link-icon-hover .heading h2,\n\t\t\t.fusion-content-boxes-5 .fusion-content-box-hover .link-area-link-icon-hover .heading .heading-link h2,\n\t\t\t.fusion-content-boxes-5 .fusion-content-box-hover .link-area-box-hover .heading h2,\n\t\t\t.fusion-content-boxes-5 .fusion-content-box-hover .link-area-box-hover .heading .heading-link h2,\n\t\t\t.fusion-content-boxes-5 .fusion-content-box-hover .link-area-link-icon-hover.link-area-box .fusion-read-more,\n\t\t\t.fusion-content-boxes-5 .fusion-content-box-hover .link-area-link-icon-hover.link-area-box .fusion-read-more::after,\n\t\t\t.fusion-content-boxes-5 .fusion-content-box-hover .link-area-link-icon-hover.link-area-box .fusion-read-more::before,\n\t\t\t.fusion-content-boxes-5 .fusion-content-box-hover .fusion-read-more:hover:after,\n\t\t\t.fusion-content-boxes-5 .fusion-content-box-hover .fusion-read-more:hover:before,\n\t\t\t.fusion-content-boxes-5 .fusion-content-box-hover .fusion-read-more:hover,\n\t\t\t.fusion-content-boxes-5 .fusion-content-box-hover .link-area-box-hover.link-area-box .fusion-read-more,\n\t\t\t.fusion-content-boxes-5 .fusion-content-box-hover .link-area-box-hover.link-area-box .fusion-read-more::after,\n\t\t\t.fusion-content-boxes-5 .fusion-content-box-hover .link-area-box-hover.link-area-box .fusion-read-more::before,\n\t\t\t.fusion-content-boxes-5 .fusion-content-box-hover .link-area-link-icon-hover .icon .circle-no,\n\t\t\t.fusion-content-boxes-5 .fusion-content-box-hover .link-area-box-hover .icon .circle-no {\n\t\t\t\tcolor: #6796bf !important;\n\t\t\t}\n\t\t\t.fusion-content-boxes-5 .fusion-content-box-hover .heading-link:hover .icon i.circle-yes,\n\t\t\t.fusion-content-boxes-5 .fusion-content-box-hover .link-area-box:hover .heading-link .icon i.circle-yes,\n\t\t\t.fusion-content-boxes-5 .fusion-content-box-hover .link-area-link-icon-hover .heading .icon i.circle-yes,\n\t\t\t.fusion-content-boxes-5 .fusion-content-box-hover .link-area-box-hover .heading .icon i.circle-yes {\n\t\t\t\tbackground-color: #6796bf !important;\n\t\t\t\tborder-color: #6796bf !important;\n\t\t\t}<\/style><div class=\"fusion-column content-box-column content-box-column-1 col-lg-4 col-md-4 col-sm-4 fusion-content-box-hover content-box-column-first-in-row\"><div class=\"col content-wrapper link-area-link-icon link-type-text icon-hover-animation-fade\" style=\"background-color:rgba(255,255,255,0);\"><div class=\"heading heading-with-icon icon-left\"><a class=\"heading-link\" href=\"https:\/\/www.elektradata.com\/en\/kategori\/transceivers\/\" target=\"_self\"><div class=\"image\"><img src=\"http:\/\/www.elektradata.com\/images\/transceivers-mainpage-300x300.jpg\" width=\"133\" height=\"133\" alt=\"\" \/><\/div><h2 class=\"content-box-heading\" style=\"font-size: 18px;line-height:23px;\">Transceivers<\/h2><\/a><\/div><div class=\"fusion-clearfix\"><\/div><div class=\"content-container\" style=\"color:#747474;\">We supply all transceiver modules suitable for your infrastructure as ElektraData.<\/div><\/div><\/div><div class=\"fusion-column content-box-column content-box-column-2 col-lg-4 col-md-4 col-sm-4 fusion-content-box-hover\"><div class=\"col content-wrapper link-area-link-icon link-type-text icon-hover-animation-fade\" style=\"background-color:rgba(255,255,255,0);\"><div class=\"heading heading-with-icon icon-left\"><a class=\"heading-link\" href=\" https:\/\/www.elektradata.com\/en\/kategori\/sunucular\/\" target=\"_self\"><div class=\"image\"><img src=\"https:\/\/www.elektradata.com\/images\/server.jpg\" width=\"133\" height=\"133\" alt=\"ikinciel-sifir-sunucu-server\" \/><\/div><h2 class=\"content-box-heading\" style=\"font-size: 18px;line-height:23px;\">Servers<\/h2><\/a><\/div><div class=\"fusion-clearfix\"><\/div><div class=\"content-container\" style=\"color:#747474;\">We supply all server products and components with ElektraData warranty.<\/div><\/div><\/div><div class=\"fusion-column content-box-column content-box-column-3 col-lg-4 col-md-4 col-sm-4 fusion-content-box-hover content-box-column-last content-box-column-last-in-row\"><div class=\"col content-wrapper link-area-link-icon link-type-text icon-hover-animation-fade\" style=\"background-color:rgba(255,255,255,0);\"><div class=\"heading heading-with-icon icon-left\"><a class=\"heading-link\" href=\" https:\/\/www.elektradata.com\/en\/fiberend\/\" target=\"_self\"><div class=\"image\"><img src=\"http:\/\/www.elektradata.com\/images\/fiberend.png\" width=\"300\" height=\"108\" alt=\"\" \/><\/div><h2 class=\"content-box-heading\" style=\"font-size: 18px;line-height:23px;\">Fiberend<\/h2><\/a><\/div><div class=\"fusion-clearfix\"><\/div><div class=\"content-container\" style=\"color:#747474;\">Email to us for Fiberend products<\/div><\/div><\/div><div class=\"fusion-clearfix\"><\/div><div class=\"fusion-clearfix\"><\/div><\/div><div class=\"fusion-sep-clear\"><\/div><div class=\"fusion-separator fusion-full-width-sep sep-none\" style=\"border-color:#e0dede;margin-left: auto;margin-right: auto;margin-top:-15px;margin-bottom:-15px;\"><\/div><div class=\"fusion-content-boxes content-boxes columns fusion-columns-3 fusion-columns-total-3 fusion-content-boxes-6 content-boxes-icon-on-top row content-left\" data-animationOffset=\"100%\" style=\"margin-top:0px;margin-bottom:60px;\"><style type=\"text\/css\" scoped=\"scoped\">.fusion-content-boxes-6 .heading h2{color:#000000;}\n\t\t\t.fusion-content-boxes-6 .fusion-content-box-hover .link-area-link-icon-hover .heading h2,\n\t\t\t.fusion-content-boxes-6 .fusion-content-box-hover .link-area-link-icon-hover .heading .heading-link h2,\n\t\t\t.fusion-content-boxes-6 .fusion-content-box-hover .link-area-box-hover .heading h2,\n\t\t\t.fusion-content-boxes-6 .fusion-content-box-hover .link-area-box-hover .heading .heading-link h2,\n\t\t\t.fusion-content-boxes-6 .fusion-content-box-hover .link-area-link-icon-hover.link-area-box .fusion-read-more,\n\t\t\t.fusion-content-boxes-6 .fusion-content-box-hover .link-area-link-icon-hover.link-area-box .fusion-read-more::after,\n\t\t\t.fusion-content-boxes-6 .fusion-content-box-hover .link-area-link-icon-hover.link-area-box .fusion-read-more::before,\n\t\t\t.fusion-content-boxes-6 .fusion-content-box-hover .fusion-read-more:hover:after,\n\t\t\t.fusion-content-boxes-6 .fusion-content-box-hover .fusion-read-more:hover:before,\n\t\t\t.fusion-content-boxes-6 .fusion-content-box-hover .fusion-read-more:hover,\n\t\t\t.fusion-content-boxes-6 .fusion-content-box-hover .link-area-box-hover.link-area-box .fusion-read-more,\n\t\t\t.fusion-content-boxes-6 .fusion-content-box-hover .link-area-box-hover.link-area-box .fusion-read-more::after,\n\t\t\t.fusion-content-boxes-6 .fusion-content-box-hover .link-area-box-hover.link-area-box .fusion-read-more::before,\n\t\t\t.fusion-content-boxes-6 .fusion-content-box-hover .link-area-link-icon-hover .icon .circle-no,\n\t\t\t.fusion-content-boxes-6 .fusion-content-box-hover .link-area-box-hover .icon .circle-no {\n\t\t\t\tcolor: #6796bf !important;\n\t\t\t}\n\t\t\t.fusion-content-boxes-6 .fusion-content-box-hover .heading-link:hover .icon i.circle-yes,\n\t\t\t.fusion-content-boxes-6 .fusion-content-box-hover .link-area-box:hover .heading-link .icon i.circle-yes,\n\t\t\t.fusion-content-boxes-6 .fusion-content-box-hover .link-area-link-icon-hover .heading .icon i.circle-yes,\n\t\t\t.fusion-content-boxes-6 .fusion-content-box-hover .link-area-box-hover .heading .icon i.circle-yes {\n\t\t\t\tbackground-color: #6796bf !important;\n\t\t\t\tborder-color: #6796bf !important;\n\t\t\t}<\/style><div class=\"fusion-column content-box-column content-box-column-1 col-lg-4 col-md-4 col-sm-4 fusion-content-box-hover content-box-column-first-in-row\"><div class=\"col content-wrapper link-area-link-icon link-type-text icon-hover-animation-fade\" style=\"background-color:rgba(255,255,255,0);\"><div class=\"heading heading-with-icon icon-left\"><a class=\"heading-link\" href=\"https:\/\/www.elektradata.com\/en\/kategori\/kablolar\/\" target=\"_self\"><div class=\"image\"><img src=\"http:\/\/www.elektradata.com\/images\/kablolar-300x206.jpg\" width=\"192\" height=\"133\" alt=\"\" \/><\/div><h2 class=\"content-box-heading\" style=\"font-size: 18px;line-height:23px;\">Cords<\/h2><\/a><\/div><div class=\"fusion-clearfix\"><\/div><div class=\"content-container\" style=\"color:#747474;\">All network and server cords are at ElektraData.<\/div><\/div><\/div><div class=\"fusion-column content-box-column content-box-column-2 col-lg-4 col-md-4 col-sm-4 fusion-content-box-hover\"><div class=\"col content-wrapper link-area-link-icon link-type-text icon-hover-animation-fade\" style=\"background-color:rgba(255,255,255,0);\"><div class=\"heading heading-with-icon icon-left\"><a class=\"heading-link\" href=\" https:\/\/www.fiberdepo.com\" target=\"_blank\"><div class=\"image\"><img src=\"https:\/\/www.elektradata.com\/images\/fiberdepo_.png\" width=\"177\" height=\"133\" alt=\"Fiberdepo Online Store\" \/><\/div><h2 class=\"content-box-heading\" style=\"font-size: 18px;line-height:23px;\">Fiberdepo for FTTX<\/h2><\/a><\/div><div class=\"fusion-clearfix\"><\/div><div class=\"content-container\" style=\"color:#747474;\">Visit our online store Fiberdepo for all FTTX solutions.<\/div><\/div><\/div><div class=\"fusion-column content-box-column content-box-column-3 col-lg-4 col-md-4 col-sm-4 fusion-content-box-hover content-box-column-last content-box-column-last-in-row\"><div class=\"col content-wrapper link-area-link-icon link-type-text icon-hover-animation-fade\" style=\"background-color:rgba(255,255,255,0);\"><div class=\"heading heading-with-icon icon-left\"><a class=\"heading-link\" href=\"https:\/\/www.elektradata.com\/en\/siparis-verin\/\" target=\"_self\"><div class=\"image\"><img src=\"http:\/\/www.elektradata.com\/images\/shopping-cart-300x284.png\" width=\"133\" height=\"100\" alt=\"\" \/><\/div><h2 class=\"content-box-heading\" style=\"font-size: 18px;line-height:23px;\">Place Order<\/h2><\/a><\/div><div class=\"fusion-clearfix\"><\/div><div class=\"content-container\" style=\"color:#747474;\">By filling out the ElektraData order form you can get information on product stock and pricing information.<\/div><\/div><\/div><div class=\"fusion-clearfix\"><\/div><div class=\"fusion-clearfix\"><\/div><\/div><\/div><\/div><div class=\"fusion-sep-clear\"><\/div><div class=\"fusion-separator fusion-full-width-sep sep-none\" style=\"border-color:#e0dede;margin-left: auto;margin-right: auto;margin-top:-42px;margin-bottom:-40px;\"><\/div><\/p>","protected":false},"excerpt":{"rendered":"","protected":false},"author":1,"featured_media":0,"parent":0,"menu_order":0,"comment_status":"closed","ping_status":"closed","template":"100-width.php","meta":{"_monsterinsights_skip_tracking":false,"_monsterinsights_sitenote_active":false,"_monsterinsights_sitenote_note":"","_monsterinsights_sitenote_category":0},"aioseo_notices":[],"_links":{"self":[{"href":"https:\/\/www.elektradata.com\/en\/wp-json\/wp\/v2\/pages\/12983"}],"collection":[{"href":"https:\/\/www.elektradata.com\/en\/wp-json\/wp\/v2\/pages"}],"about":[{"href":"https:\/\/www.elektradata.com\/en\/wp-json\/wp\/v2\/types\/page"}],"author":[{"embeddable":true,"href":"https:\/\/www.elektradata.com\/en\/wp-json\/wp\/v2\/users\/1"}],"replies":[{"embeddable":true,"href":"https:\/\/www.elektradata.com\/en\/wp-json\/wp\/v2\/comments?post=12983"}],"version-history":[{"count":78,"href":"https:\/\/www.elektradata.com\/en\/wp-json\/wp\/v2\/pages\/12983\/revisions"}],"predecessor-version":[{"id":14595,"href":"https:\/\/www.elektradata.com\/en\/wp-json\/wp\/v2\/pages\/12983\/revisions\/14595"}],"wp:attachment":[{"href":"https:\/\/www.elektradata.com\/en\/wp-json\/wp\/v2\/media?parent=12983"}],"curies":[{"name":"wp","href":"https:\/\/api.w.org\/{rel}","templated":true}]}}